{"id":365,"date":"2023-07-06T17:05:35","date_gmt":"2023-07-06T17:05:35","guid":{"rendered":"http:\/\/localhost\/wordpress\/?page_id=365"},"modified":"2026-01-10T21:30:07","modified_gmt":"2026-01-10T20:30:07","slug":"faqs","status":"publish","type":"page","link":"https:\/\/www.totalauto.es\/index.php\/faqs\/","title":{"rendered":"Preguntas comunes"},"content":{"rendered":"<div class=\"wpb-content-wrapper\"><p>[vc_row][vc_column width=\u00bb1\/1&#8243;]<h1 class=\"headline font-inherit fontsize-l fontweight-700 lh-inherit align-left transform-uppercase \" style=\"margin: 50px 0 10px 0;\">Preguntas <span class=\"highlight\">mas comunes<\/span><\/h1>[vc_column_text]\u00bfTiene alguna pregunta sobre nuestros servicios? Total Auto proporcionar\u00e1 respuestas a algunas de las preguntas m\u00e1s frecuentes que aparecen a continuaci\u00f3n. Si no encuentra la respuesta a su consulta, por favor, complete el formulario que se encuentra m\u00e1s abajo en esta p\u00e1gina y nos pondremos en contacto con usted, o ll\u00e1menos hoy mismo.[\/vc_column_text][\/vc_column][\/vc_row][vc_row top_padding=\u00bb10&#8243;][vc_column width=\u00bb1\/1&#8243;][vc_accordion active_tab=\u00bb1&#8243;][vc_accordion_tab title=\u00bb1. \u00bfCu\u00e1l es el horario de trabajo?\u00bb][vc_column_text]El horario de trabajo de Total Auto es de 9:00 a 19:00 horas, de lunes a viernes.[\/vc_column_text][\/vc_accordion_tab][vc_accordion_tab title=\u00bb2. \u00bfQu\u00e9 formas de pago aceptan?\u00bb][vc_column_text]Como forma de pago aceptamos las tarjetas de cr\u00e9dito y d\u00e9bito m\u00e1s habituales y tambi\u00e9n con efectivo. Tambi\u00e9n aceptamos transferencia bancaria antes de la recogida del veh\u00edculo.[\/vc_column_text][\/vc_accordion_tab][vc_accordion_tab title=\u00bb3. \u00bfQu\u00e9 seguridad tengo de que los mec\u00e1nicos har\u00e1n un buen trabajo?\u00bb][vc_column_text]Nuestros mec\u00e1nicos est\u00e1n especialmente capacitados y conf\u00edan plenamente en su trabajo. Consideramos que el cliente debe ser tratado como nos gustar\u00eda ser tratados nosotros mismos. Si en alg\u00fan momento tiene alg\u00fan comentario sobre alguno de nuestros mec\u00e1nicos, por favor llame a la oficina y hable con un representante.[\/vc_column_text][\/vc_accordion_tab][vc_accordion_tab title=\u00bb4. \u00bfQu\u00e9 tipos de veh\u00edculos pueden reparar?\u00bb][vc_column_text]Total Auto cuenta con la experiencia t\u00e9cnica y el equipo necesario para reparar tanto veh\u00edculos nacionales como muchos veh\u00edculos de fabricaci\u00f3n asi\u00e1tica.[\/vc_column_text][\/vc_accordion_tab][vc_accordion_tab title=\u00bb5. \u00bfSus mec\u00e1nicos trabajan a comisi\u00f3n?\u00bb][vc_column_text]No. Somos una empresa familiar y gestionada por sus propietarios, y preferimos mantener los precios dentro de una estructura de tarifas regular.[\/vc_column_text][\/vc_accordion_tab][vc_accordion_tab title=\u00bb6. \u00bfQu\u00e9 garant\u00eda ofrecen?\u00bb][vc_column_text]S\u00ed, Total Auto ofrece una garant\u00eda por escrito indicada en cada factura, que cubre piezas y mano de obra durante 3 meses o 2000 km.[\/vc_column_text][\/vc_accordion_tab][vc_accordion_tab title=\u00bb7. \u00bfCobran por realizar presupuestos?\u00bb][vc_column_text]Los presupuestos son siempre gratuitos y transparentes, sin sorpresas. Solo se aplican costes adicionales si es necesario desmontar piezas o emplear tiempo extra de nuestros mec\u00e1nicos.[\/vc_column_text][\/vc_accordion_tab][vc_accordion_tab title=\u00bb8. \u00bfCu\u00e1nto tiempo se demora la reparaci\u00f3n de chapa y pintura?\u00bb][vc_column_text]El tiempo de reparaci\u00f3n depende del tipo y la extensi\u00f3n del da\u00f1o. Peque\u00f1os ara\u00f1azos o abolladuras pueden repararse en un d\u00eda, mientras que trabajos m\u00e1s complejos pueden requerir varios d\u00edas. Siempre le proporcionaremos un plazo estimado antes de comenzar la reparaci\u00f3n.[\/vc_column_text][\/vc_accordion_tab][vc_accordion_tab title=\u00bb9. \u00bfEs conveniente solicitar una cita?\u00bb][vc_column_text]Generalmente, eso es lo mejor. Muchas veces podemos incluir un veh\u00edculo en la agenda de un d\u00eda ocupado, pero es dif\u00edcil garantizar la finalizaci\u00f3n el mismo d\u00eda sin una cita previa.[\/vc_column_text][\/vc_accordion_tab][\/vc_accordion][\/vc_column][\/vc_row][vc_row bg_color=\u00bb#edf2f5&#8243; top_padding=\u00bb50&#8243;][vc_column width=\u00bb1\/1&#8243;]<h1 class=\"headline font-inherit fontsize-l fontweight-700 lh-inherit align-center transform-uppercase \" style=\"margin: 0 0 10px 0;\">Rem\u00edtanos <span class=\"highlight\">su Pregunta<\/span><\/h1>\n<div class=\"wpcf7 no-js\" id=\"wpcf7-f2361-o1\" lang=\"en-US\" dir=\"ltr\" data-wpcf7-id=\"2361\">\n<div class=\"screen-reader-response\"><p role=\"status\" aria-live=\"polite\" aria-atomic=\"true\"><\/p> <ul><\/ul><\/div>\n<form action=\"\/index.php\/wp-json\/wp\/v2\/pages\/365#wpcf7-f2361-o1\" method=\"post\" class=\"wpcf7-form init\" aria-label=\"Contact form\" novalidate=\"novalidate\" data-status=\"init\">\n<fieldset class=\"hidden-fields-container\"><input type=\"hidden\" name=\"_wpcf7\" value=\"2361\" \/><input type=\"hidden\" name=\"_wpcf7_version\" value=\"6.1.5\" \/><input type=\"hidden\" name=\"_wpcf7_locale\" value=\"en_US\" \/><input type=\"hidden\" name=\"_wpcf7_unit_tag\" value=\"wpcf7-f2361-o1\" \/><input type=\"hidden\" name=\"_wpcf7_container_post\" value=\"0\" \/><input type=\"hidden\" name=\"_wpcf7_posted_data_hash\" value=\"\" \/>\n<\/fieldset>\n<div class=\"left_field\">\n\t<p><span class=\"wpcf7-form-control-wrap\" data-name=\"text-228\"><input size=\"40\" maxlength=\"400\" class=\"wpcf7-form-control wpcf7-text wpcf7-validates-as-required\" aria-required=\"true\" aria-invalid=\"false\" placeholder=\"Nombre\" value=\"\" type=\"text\" name=\"text-228\" \/><\/span>\n\t<\/p>\n\t<p><span class=\"wpcf7-form-control-wrap\" data-name=\"text-853\"><input size=\"40\" maxlength=\"400\" class=\"wpcf7-form-control wpcf7-text wpcf7-validates-as-required\" aria-required=\"true\" aria-invalid=\"false\" placeholder=\"Tel\u00e9fono\" value=\"\" type=\"text\" name=\"text-853\" \/><\/span>\n\t<\/p>\n<\/div>\n<div class=\"right_field\">\n\t<p><span class=\"wpcf7-form-control-wrap\" data-name=\"email-933\"><input size=\"40\" maxlength=\"400\" class=\"wpcf7-form-control wpcf7-email wpcf7-validates-as-required wpcf7-text wpcf7-validates-as-email\" aria-required=\"true\" aria-invalid=\"false\" placeholder=\"Email\" value=\"\" type=\"email\" name=\"email-933\" \/><\/span>\n\t<\/p>\n\t<p><span class=\"wpcf7-form-control-wrap\" data-name=\"text-229\"><input size=\"40\" maxlength=\"400\" class=\"wpcf7-form-control wpcf7-text wpcf7-validates-as-required\" aria-required=\"true\" aria-invalid=\"false\" placeholder=\"Asunto\" value=\"\" type=\"text\" name=\"text-229\" \/><\/span>\n\t<\/p>\n<\/div>\n<div class=\"message_field\">\n\t<p><span class=\"wpcf7-form-control-wrap\" data-name=\"textarea-226\"><textarea cols=\"40\" rows=\"10\" maxlength=\"2000\" class=\"wpcf7-form-control wpcf7-textarea wpcf7-validates-as-required\" aria-required=\"true\" aria-invalid=\"false\" placeholder=\"Escriba su mensaje aqu\u00ed\" name=\"textarea-226\"><\/textarea><\/span>\n\t<\/p>\n<\/div>\n<p><input class=\"wpcf7-form-control wpcf7-submit has-spinner\" type=\"submit\" value=\"Enviar Mensaje\" \/>\n<\/p><p style=\"display: none !important;\" class=\"akismet-fields-container\" data-prefix=\"_wpcf7_ak_\"><label>&#916;<textarea name=\"_wpcf7_ak_hp_textarea\" cols=\"45\" rows=\"8\" maxlength=\"100\"><\/textarea><\/label><input type=\"hidden\" id=\"ak_js_1\" name=\"_wpcf7_ak_js\" value=\"47\"\/><script>document.getElementById( \"ak_js_1\" ).setAttribute( \"value\", ( new Date() ).getTime() );<\/script><\/p><div class=\"wpcf7-response-output\" aria-hidden=\"true\"><\/div>\n<\/form>\n<\/div>\n[\/vc_column][\/vc_row]<\/p>\n<\/div>","protected":false},"excerpt":{"rendered":"<p>[vc_row][vc_column width=\u00bb1\/1&#8243;][vc_column_text]\u00bfTiene alguna pregunta sobre nuestros servicios? Total Auto proporcionar\u00e1 respuestas a algunas de las preguntas m\u00e1s frecuentes que aparecen a continuaci\u00f3n. Si no encuentra la respuesta a su consulta, por favor, complete el formulario que se encuentra m\u00e1s abajo en esta p\u00e1gina y nos pondremos en contacto con usted, o ll\u00e1menos hoy mismo.[\/vc_column_text][\/vc_column][\/vc_row][vc_row top_padding=\u00bb10&#8243;][vc_column width=\u00bb1\/1&#8243;][vc_accordion active_tab=\u00bb1&#8243;][vc_accordion_tab title=\u00bb1. \u00bfCu\u00e1l es el horario de trabajo?\u00bb][vc_column_text]El horario de trabajo de Total Auto es de 9:00 a 19:00 horas, de lunes a viernes.[\/vc_column_text][\/vc_accordion_tab][vc_accordion_tab title=\u00bb2. \u00bfQu\u00e9 formas de pago aceptan?\u00bb][vc_column_text]Como forma de pago aceptamos las tarjetas de cr\u00e9dito y d\u00e9bito m\u00e1s habituales y tambi\u00e9n con efectivo. Tambi\u00e9n aceptamos transferencia bancaria antes de la recogida del veh\u00edculo.[\/vc_column_text][\/vc_accordion_tab][vc_accordion_tab title=\u00bb3. \u00bfQu\u00e9 seguridad tengo de que los mec\u00e1nicos har\u00e1n un buen trabajo?\u00bb][vc_column_text]Nuestros mec\u00e1nicos est\u00e1n especialmente capacitados y conf\u00edan plenamente en su trabajo. Consideramos que el cliente debe ser tratado como nos gustar\u00eda ser tratados nosotros mismos. Si en alg\u00fan momento tiene alg\u00fan comentario sobre alguno de nuestros mec\u00e1nicos, por favor llame a la oficina y hable con un representante.[\/vc_column_text][\/vc_accordion_tab][vc_accordion_tab title=\u00bb4. \u00bfQu\u00e9 tipos de veh\u00edculos pueden reparar?\u00bb][vc_column_text]Total Auto cuenta con la experiencia t\u00e9cnica y el equipo necesario para reparar tanto veh\u00edculos nacionales como muchos veh\u00edculos de fabricaci\u00f3n asi\u00e1tica.[\/vc_column_text][\/vc_accordion_tab][vc_accordion_tab title=\u00bb5. [&hellip;]<\/p>\n","protected":false},"author":1,"featured_media":0,"parent":0,"menu_order":0,"comment_status":"closed","ping_status":"closed","template":"","meta":{"footnotes":""},"class_list":["post-365","page","type-page","status-publish","hentry"],"yoast_head":"<!-- This site is optimized with the Yoast SEO plugin v27.4 - https:\/\/yoast.com\/product\/yoast-seo-wordpress\/ -->\n<title>Preguntas comunes - Total Auto<\/title>\n<meta name=\"robots\" content=\"index, follow, max-snippet:-1, max-image-preview:large, max-video-preview:-1\" \/>\n<link rel=\"canonical\" href=\"https:\/\/www.totalauto.es\/index.php\/faqs\/\" \/>\n<meta property=\"og:locale\" content=\"es_ES\" \/>\n<meta property=\"og:type\" content=\"article\" \/>\n<meta property=\"og:title\" content=\"Preguntas comunes - Total Auto\" \/>\n<meta property=\"og:description\" content=\"[vc_row][vc_column width=\u00bb1\/1&#8243;][vc_column_text]\u00bfTiene alguna pregunta sobre nuestros servicios? Total Auto proporcionar\u00e1 respuestas a algunas de las preguntas m\u00e1s frecuentes que aparecen a continuaci\u00f3n. Si no encuentra la respuesta a su consulta, por favor, complete el formulario que se encuentra m\u00e1s abajo en esta p\u00e1gina y nos pondremos en contacto con usted, o ll\u00e1menos hoy mismo.[\/vc_column_text][\/vc_column][\/vc_row][vc_row top_padding=\u00bb10&#8243;][vc_column width=\u00bb1\/1&#8243;][vc_accordion active_tab=\u00bb1&#8243;][vc_accordion_tab title=\u00bb1. \u00bfCu\u00e1l es el horario de trabajo?\u00bb][vc_column_text]El horario de trabajo de Total Auto es de 9:00 a 19:00 horas, de lunes a viernes.[\/vc_column_text][\/vc_accordion_tab][vc_accordion_tab title=\u00bb2. \u00bfQu\u00e9 formas de pago aceptan?\u00bb][vc_column_text]Como forma de pago aceptamos las tarjetas de cr\u00e9dito y d\u00e9bito m\u00e1s habituales y tambi\u00e9n con efectivo. Tambi\u00e9n aceptamos transferencia bancaria antes de la recogida del veh\u00edculo.[\/vc_column_text][\/vc_accordion_tab][vc_accordion_tab title=\u00bb3. \u00bfQu\u00e9 seguridad tengo de que los mec\u00e1nicos har\u00e1n un buen trabajo?\u00bb][vc_column_text]Nuestros mec\u00e1nicos est\u00e1n especialmente capacitados y conf\u00edan plenamente en su trabajo. Consideramos que el cliente debe ser tratado como nos gustar\u00eda ser tratados nosotros mismos. Si en alg\u00fan momento tiene alg\u00fan comentario sobre alguno de nuestros mec\u00e1nicos, por favor llame a la oficina y hable con un representante.[\/vc_column_text][\/vc_accordion_tab][vc_accordion_tab title=\u00bb4. \u00bfQu\u00e9 tipos de veh\u00edculos pueden reparar?\u00bb][vc_column_text]Total Auto cuenta con la experiencia t\u00e9cnica y el equipo necesario para reparar tanto veh\u00edculos nacionales como muchos veh\u00edculos de fabricaci\u00f3n asi\u00e1tica.[\/vc_column_text][\/vc_accordion_tab][vc_accordion_tab title=\u00bb5. [&hellip;]\" \/>\n<meta property=\"og:url\" content=\"https:\/\/www.totalauto.es\/index.php\/faqs\/\" \/>\n<meta property=\"og:site_name\" content=\"Total Auto\" \/>\n<meta property=\"article:modified_time\" content=\"2026-01-10T20:30:07+00:00\" \/>\n<meta name=\"twitter:card\" content=\"summary_large_image\" \/>\n<meta name=\"twitter:label1\" content=\"Tiempo de lectura\" \/>\n\t<meta name=\"twitter:data1\" content=\"3 minutos\" \/>\n<script type=\"application\/ld+json\" class=\"yoast-schema-graph\">{\"@context\":\"https:\\\/\\\/schema.org\",\"@graph\":[{\"@type\":\"WebPage\",\"@id\":\"https:\\\/\\\/www.totalauto.es\\\/index.php\\\/faqs\\\/\",\"url\":\"https:\\\/\\\/www.totalauto.es\\\/index.php\\\/faqs\\\/\",\"name\":\"Preguntas comunes - Total Auto\",\"isPartOf\":{\"@id\":\"https:\\\/\\\/www.totalauto.es\\\/#website\"},\"datePublished\":\"2023-07-06T17:05:35+00:00\",\"dateModified\":\"2026-01-10T20:30:07+00:00\",\"breadcrumb\":{\"@id\":\"https:\\\/\\\/www.totalauto.es\\\/index.php\\\/faqs\\\/#breadcrumb\"},\"inLanguage\":\"es\",\"potentialAction\":[{\"@type\":\"ReadAction\",\"target\":[\"https:\\\/\\\/www.totalauto.es\\\/index.php\\\/faqs\\\/\"]}]},{\"@type\":\"BreadcrumbList\",\"@id\":\"https:\\\/\\\/www.totalauto.es\\\/index.php\\\/faqs\\\/#breadcrumb\",\"itemListElement\":[{\"@type\":\"ListItem\",\"position\":1,\"name\":\"Portada\",\"item\":\"https:\\\/\\\/www.totalauto.es\\\/\"},{\"@type\":\"ListItem\",\"position\":2,\"name\":\"Preguntas comunes\"}]},{\"@type\":\"WebSite\",\"@id\":\"https:\\\/\\\/www.totalauto.es\\\/#website\",\"url\":\"https:\\\/\\\/www.totalauto.es\\\/\",\"name\":\"Total Auto\",\"description\":\"Taller de Mantenimiento y Reparaci\u00f3n de Veh\u00edculos en Valencia\",\"publisher\":{\"@id\":\"https:\\\/\\\/www.totalauto.es\\\/#organization\"},\"potentialAction\":[{\"@type\":\"SearchAction\",\"target\":{\"@type\":\"EntryPoint\",\"urlTemplate\":\"https:\\\/\\\/www.totalauto.es\\\/?s={search_term_string}\"},\"query-input\":{\"@type\":\"PropertyValueSpecification\",\"valueRequired\":true,\"valueName\":\"search_term_string\"}}],\"inLanguage\":\"es\"},{\"@type\":\"Organization\",\"@id\":\"https:\\\/\\\/www.totalauto.es\\\/#organization\",\"name\":\"Total Auto\",\"url\":\"https:\\\/\\\/www.totalauto.es\\\/\",\"logo\":{\"@type\":\"ImageObject\",\"inLanguage\":\"es\",\"@id\":\"https:\\\/\\\/www.totalauto.es\\\/#\\\/schema\\\/logo\\\/image\\\/\",\"url\":\"https:\\\/\\\/www.totalauto.es\\\/wp-content\\\/uploads\\\/2026\\\/01\\\/cropped-logo_totalauto_white.jpg\",\"contentUrl\":\"https:\\\/\\\/www.totalauto.es\\\/wp-content\\\/uploads\\\/2026\\\/01\\\/cropped-logo_totalauto_white.jpg\",\"width\":375,\"height\":250,\"caption\":\"Total Auto\"},\"image\":{\"@id\":\"https:\\\/\\\/www.totalauto.es\\\/#\\\/schema\\\/logo\\\/image\\\/\"}}]}<\/script>\n<!-- \/ Yoast SEO plugin. -->","yoast_head_json":{"title":"Preguntas comunes - Total Auto","robots":{"index":"index","follow":"follow","max-snippet":"max-snippet:-1","max-image-preview":"max-image-preview:large","max-video-preview":"max-video-preview:-1"},"canonical":"https:\/\/www.totalauto.es\/index.php\/faqs\/","og_locale":"es_ES","og_type":"article","og_title":"Preguntas comunes - Total Auto","og_description":"[vc_row][vc_column width=\u00bb1\/1&#8243;][vc_column_text]\u00bfTiene alguna pregunta sobre nuestros servicios? Total Auto proporcionar\u00e1 respuestas a algunas de las preguntas m\u00e1s frecuentes que aparecen a continuaci\u00f3n. Si no encuentra la respuesta a su consulta, por favor, complete el formulario que se encuentra m\u00e1s abajo en esta p\u00e1gina y nos pondremos en contacto con usted, o ll\u00e1menos hoy mismo.[\/vc_column_text][\/vc_column][\/vc_row][vc_row top_padding=\u00bb10&#8243;][vc_column width=\u00bb1\/1&#8243;][vc_accordion active_tab=\u00bb1&#8243;][vc_accordion_tab title=\u00bb1. \u00bfCu\u00e1l es el horario de trabajo?\u00bb][vc_column_text]El horario de trabajo de Total Auto es de 9:00 a 19:00 horas, de lunes a viernes.[\/vc_column_text][\/vc_accordion_tab][vc_accordion_tab title=\u00bb2. \u00bfQu\u00e9 formas de pago aceptan?\u00bb][vc_column_text]Como forma de pago aceptamos las tarjetas de cr\u00e9dito y d\u00e9bito m\u00e1s habituales y tambi\u00e9n con efectivo. Tambi\u00e9n aceptamos transferencia bancaria antes de la recogida del veh\u00edculo.[\/vc_column_text][\/vc_accordion_tab][vc_accordion_tab title=\u00bb3. \u00bfQu\u00e9 seguridad tengo de que los mec\u00e1nicos har\u00e1n un buen trabajo?\u00bb][vc_column_text]Nuestros mec\u00e1nicos est\u00e1n especialmente capacitados y conf\u00edan plenamente en su trabajo. Consideramos que el cliente debe ser tratado como nos gustar\u00eda ser tratados nosotros mismos. Si en alg\u00fan momento tiene alg\u00fan comentario sobre alguno de nuestros mec\u00e1nicos, por favor llame a la oficina y hable con un representante.[\/vc_column_text][\/vc_accordion_tab][vc_accordion_tab title=\u00bb4. \u00bfQu\u00e9 tipos de veh\u00edculos pueden reparar?\u00bb][vc_column_text]Total Auto cuenta con la experiencia t\u00e9cnica y el equipo necesario para reparar tanto veh\u00edculos nacionales como muchos veh\u00edculos de fabricaci\u00f3n asi\u00e1tica.[\/vc_column_text][\/vc_accordion_tab][vc_accordion_tab title=\u00bb5. [&hellip;]","og_url":"https:\/\/www.totalauto.es\/index.php\/faqs\/","og_site_name":"Total Auto","article_modified_time":"2026-01-10T20:30:07+00:00","twitter_card":"summary_large_image","twitter_misc":{"Tiempo de lectura":"3 minutos"},"schema":{"@context":"https:\/\/schema.org","@graph":[{"@type":"WebPage","@id":"https:\/\/www.totalauto.es\/index.php\/faqs\/","url":"https:\/\/www.totalauto.es\/index.php\/faqs\/","name":"Preguntas comunes - Total Auto","isPartOf":{"@id":"https:\/\/www.totalauto.es\/#website"},"datePublished":"2023-07-06T17:05:35+00:00","dateModified":"2026-01-10T20:30:07+00:00","breadcrumb":{"@id":"https:\/\/www.totalauto.es\/index.php\/faqs\/#breadcrumb"},"inLanguage":"es","potentialAction":[{"@type":"ReadAction","target":["https:\/\/www.totalauto.es\/index.php\/faqs\/"]}]},{"@type":"BreadcrumbList","@id":"https:\/\/www.totalauto.es\/index.php\/faqs\/#breadcrumb","itemListElement":[{"@type":"ListItem","position":1,"name":"Portada","item":"https:\/\/www.totalauto.es\/"},{"@type":"ListItem","position":2,"name":"Preguntas comunes"}]},{"@type":"WebSite","@id":"https:\/\/www.totalauto.es\/#website","url":"https:\/\/www.totalauto.es\/","name":"Total Auto","description":"Taller de Mantenimiento y Reparaci\u00f3n de Veh\u00edculos en Valencia","publisher":{"@id":"https:\/\/www.totalauto.es\/#organization"},"potentialAction":[{"@type":"SearchAction","target":{"@type":"EntryPoint","urlTemplate":"https:\/\/www.totalauto.es\/?s={search_term_string}"},"query-input":{"@type":"PropertyValueSpecification","valueRequired":true,"valueName":"search_term_string"}}],"inLanguage":"es"},{"@type":"Organization","@id":"https:\/\/www.totalauto.es\/#organization","name":"Total Auto","url":"https:\/\/www.totalauto.es\/","logo":{"@type":"ImageObject","inLanguage":"es","@id":"https:\/\/www.totalauto.es\/#\/schema\/logo\/image\/","url":"https:\/\/www.totalauto.es\/wp-content\/uploads\/2026\/01\/cropped-logo_totalauto_white.jpg","contentUrl":"https:\/\/www.totalauto.es\/wp-content\/uploads\/2026\/01\/cropped-logo_totalauto_white.jpg","width":375,"height":250,"caption":"Total Auto"},"image":{"@id":"https:\/\/www.totalauto.es\/#\/schema\/logo\/image\/"}}]}},"_links":{"self":[{"href":"https:\/\/www.totalauto.es\/index.php\/wp-json\/wp\/v2\/pages\/365","targetHints":{"allow":["GET"]}}],"collection":[{"href":"https:\/\/www.totalauto.es\/index.php\/wp-json\/wp\/v2\/pages"}],"about":[{"href":"https:\/\/www.totalauto.es\/index.php\/wp-json\/wp\/v2\/types\/page"}],"author":[{"embeddable":true,"href":"https:\/\/www.totalauto.es\/index.php\/wp-json\/wp\/v2\/users\/1"}],"replies":[{"embeddable":true,"href":"https:\/\/www.totalauto.es\/index.php\/wp-json\/wp\/v2\/comments?post=365"}],"version-history":[{"count":22,"href":"https:\/\/www.totalauto.es\/index.php\/wp-json\/wp\/v2\/pages\/365\/revisions"}],"predecessor-version":[{"id":3194,"href":"https:\/\/www.totalauto.es\/index.php\/wp-json\/wp\/v2\/pages\/365\/revisions\/3194"}],"wp:attachment":[{"href":"https:\/\/www.totalauto.es\/index.php\/wp-json\/wp\/v2\/media?parent=365"}],"curies":[{"name":"wp","href":"https:\/\/api.w.org\/{rel}","templated":true}]}}