{"id":311,"date":"2023-07-06T08:29:45","date_gmt":"2023-07-06T08:29:45","guid":{"rendered":"http:\/\/localhost\/wordpress\/?page_id=311"},"modified":"2026-01-11T00:28:04","modified_gmt":"2026-01-10T23:28:04","slug":"acerca-de-nosotros","status":"publish","type":"page","link":"https:\/\/www.totalauto.es\/index.php\/acerca-de-nosotros\/","title":{"rendered":"Acerca de nosotros"},"content":{"rendered":"<div class=\"wpb-content-wrapper\"><p>[vc_row top_padding=\u00bb60&#8243;][vc_column width=\u00bb1\/4&#8243;][vc_icon type=\u00bblinecons\u00bb icon_linecons=\u00bbvc_li vc_li-star\u00bb color=\u00bbcustom\u00bb background_style=\u00bbrounded-less\u00bb background_color=\u00bbcustom\u00bb align=\u00bbcenter\u00bb custom_color=\u00bb#ffffff\u00bb custom_background_color=\u00bb#ef233c\u00bb][vc_column_text]<\/p>\n<h4 style=\"text-align: center;\">TALLER AUTORIZADO Y ASEGURADO<\/h4>\n<p style=\"text-align: center;\">Todo nuestro equipo es profesional y el taller cuenta con seguro de responsabilidad. Tu veh\u00edculo est\u00e1 en buenas manos desde el primer momento.<\/p>\n<p>[\/vc_column_text][\/vc_column][vc_column width=\u00bb1\/4&#8243;][vc_icon type=\u00bblinecons\u00bb icon_linecons=\u00bbvc_li vc_li-like\u00bb color=\u00bbcustom\u00bb background_style=\u00bbrounded-less\u00bb background_color=\u00bbcustom\u00bb align=\u00bbcenter\u00bb custom_color=\u00bb#ffffff\u00bb custom_background_color=\u00bb#ef233c\u00bb][vc_column_text]<\/p>\n<h4 style=\"text-align: center;\">EXPERIENCIA Y CONFIANZA<\/h4>\n<p style=\"text-align: center;\">A\u00f1os de experiencia en mec\u00e1nica, carrocer\u00eda y mantenimiento nos avalan. Clientes que repiten por nuestro trato honesto y resultados.<\/p>\n<p>[\/vc_column_text][\/vc_column][vc_column width=\u00bb1\/4&#8243;][vc_icon type=\u00bblinecons\u00bb icon_linecons=\u00bbvc_li vc_li-bubble\u00bb color=\u00bbcustom\u00bb background_style=\u00bbrounded-less\u00bb background_color=\u00bbcustom\u00bb align=\u00bbcenter\u00bb custom_color=\u00bb#ffffff\u00bb custom_background_color=\u00bb#ef233c\u00bb][vc_column_text]<\/p>\n<h4 style=\"text-align: center;\"><strong data-start=\"604\" data-end=\"628\">PRESUPUESTO GRATUITO<\/strong><\/h4>\n<p style=\"text-align: center;\">Revisamos tu coche y te damos presupuesto sin compromiso. Sin sorpresas, sin letra peque\u00f1a y siempre antes de empezar el trabajo.<\/p>\n<p>[\/vc_column_text][\/vc_column][vc_column width=\u00bb1\/4&#8243;][vc_icon type=\u00bblinecons\u00bb icon_linecons=\u00bbvc_li vc_li-clock\u00bb color=\u00bbcustom\u00bb background_style=\u00bbrounded-less\u00bb background_color=\u00bbcustom\u00bb align=\u00bbcenter\u00bb custom_color=\u00bb#ffffff\u00bb custom_background_color=\u00bb#ef233c\u00bb][vc_column_text]<\/p>\n<h4 style=\"text-align: center;\">SERVICIO R\u00c1PIDO Y FIABLE<\/h4>\n<p style=\"text-align: center;\">Cumplimos plazos y cuidamos cada detalle. Nos adaptamos a tus necesidades para que vuelvas a la carretera lo antes posible.<\/p>\n<p>[\/vc_column_text][\/vc_column][\/vc_row][vc_row top_padding=\u00bb80&#8243; bottom_padding=\u00bb30&#8243;][vc_column column_center=\u00bbtrue\u00bb width=\u00bb1\/2&#8243;]<h1 class=\"headline font-inherit fontsize-l fontweight-700 lh-inherit align-left transform-uppercase \" style=\"margin: 0 0 10px 0;\">Acerca de <span class=\"highlight\">Total Auto<\/span><\/h1>[vc_column_text]En Total Auto nos dedicamos al cuidado integral de su veh\u00edculo, combinando profesionalidad, rapidez y confianza en cada servicio. Somos un taller multimarca que ofrece soluciones completas para particulares, flotas y aseguradoras, abarcando desde mantenimiento y mec\u00e1nica r\u00e1pida hasta reparaciones complejas, chapa y pintura, reparaci\u00f3n o sustituci\u00f3n de lunas y cambio de neum\u00e1ticos.<\/p>\n<p>Nuestro equipo de t\u00e9cnicos cualificados utiliza herramientas y recambios de primera calidad, siguiendo siempre las especificaciones del fabricante, para garantizar un trabajo seguro y duradero. En Total Auto priorizamos la transparencia, la atenci\u00f3n cercana y la eficiencia, asegurando que su veh\u00edculo vuelva a la carretera en perfectas condiciones y en el menor tiempo posible.<\/p>\n<p>Total Auto: su coche, en las mejores manos.[\/vc_column_text][\/vc_column][vc_column column_center=\u00bbtrue\u00bb width=\u00bb1\/2&#8243;][vc_single_image image=\u00bb2685&#8243; img_size=\u00bbfull\u00bb onclick=\u00bbzoom\u00bb][\/vc_column][\/vc_row][vc_row bg_color=\u00bb#f5fbff\u00bb top_padding=\u00bb50&#8243; bottom_padding=\u00bb30&#8243;][vc_column width=\u00bb1\/3&#8243;]<h1 class=\"headline font-inherit fontsize-s fontweight-700 lh-inherit align-left transform-uppercase \" style=\"margin: 0 0 10px 0;\">Nuestra <span class=\"highlight\">Historia <\/span><\/h1>[vc_column_text]La empresa propietaria de Total Auto se fund\u00f3 en 2018. Casi 7 a\u00f1os atr\u00e1s comenzamos como un taller peque\u00f1o con un equipo de cinco personas. Poco despu\u00e9s, muchos mec\u00e1nicos y especialistas se unieron al equipo, y desde ese momento empezamos a crecer r\u00e1pidamente, consolid\u00e1ndonos como un taller de referencia en mantenimiento y reparaci\u00f3n de veh\u00edculos.[\/vc_column_text][\/vc_column][vc_column width=\u00bb1\/3&#8243;]<h1 class=\"headline font-inherit fontsize-s fontweight-700 lh-inherit align-left transform-uppercase \" style=\"margin: 0 0 10px 0;\">\u00bfPor qu\u00e9 <span class=\"highlight\">Elegirnos?<\/span><\/h1>[vc_column_text]Nuestro equipo de mec\u00e1nicos cuenta con m\u00e1s de 10 a\u00f1os de experiencia en todas las \u00e1reas de servicios de mec\u00e1nica. Gracias a nuestro enfoque centrado en el cliente, en Total Auto ofrecemos un servicio profesional, r\u00e1pido y confiable, convirti\u00e9ndonos en la opci\u00f3n de referencia para el cuidado y reparaci\u00f3n de su veh\u00edculo.[\/vc_column_text][\/vc_column][vc_column width=\u00bb1\/3&#8243;]<h1 class=\"headline font-inherit fontsize-s fontweight-700 lh-inherit align-left transform-uppercase \" style=\"margin: 0 0 10px 0;\">Mec\u00e1nicos <span class=\"highlight\">Profesionales<\/span><\/h1>[vc_column_text]Somos un taller familiar con m\u00e1s de 7 a\u00f1os de experiencia, y nos enorgullece la calidad de nuestro trabajo y servicios. Nuestros mec\u00e1nicos y t\u00e9cnicos cualificados son profesionales, cuidadosos y atentos, garantizando un trato cercano y un servicio impecable en cada intervenci\u00f3n.[\/vc_column_text][\/vc_column][\/vc_row][vc_row bg_image=\u00bb2533&#8243; bg_position=\u00bbcenter center\u00bb top_padding=\u00bb40&#8243; bottom_padding=\u00bb40&#8243;][vc_column width=\u00bb1\/1&#8243;][vc_icon icon_fontawesome=\u00bbfa fa-car\u00bb color=\u00bbwhite\u00bb size=\u00bblg\u00bb align=\u00bbcenter\u00bb]<h1 class=\"headline font-inherit fontsize-l fontweight-700 lh-inherit align-center transform-uppercase \" style=\"margin: 10px 0 30px 0; color: #ffffff;\">\u00bfEst\u00e1 interesado en nuestros <span class=\"highlight\">Servicios?<\/span><\/h1>[vc_btn title=\u00bbSolicitar una Cita\u00bb style=\u00bbcustom\u00bb custom_background=\u00bb#ef233c\u00bb custom_text=\u00bb#ffffff\u00bb size=\u00bbsm\u00bb align=\u00bbcenter\u00bb css=\u00bb\u00bb link=\u00bburl:https%3A%2F%2Fwww.totalauto.es%2Findex.php%2Fsolicitar-una-cita%2F|title:Solicitar%20una%20cita\u00bb][\/vc_column][\/vc_row][vc_row][vc_column]<h1 class=\"headline font-inherit fontsize-l fontweight-700 lh-inherit align-center transform-uppercase \" style=\"margin: 40px 0 40px 0;\">Nuestros <span class=\"highlight\">Socios <\/span> y <span class=\"highlight\">Clientes <\/span><\/h1>[\/vc_column][vc_column width=\u00bb1\/6&#8243;][vc_single_image image=\u00bb2515&#8243; img_size=\u00bbfull\u00bb alignment=\u00bbcenter\u00bb][\/vc_column][vc_column width=\u00bb1\/6&#8243;][vc_single_image image=\u00bb2510&#8243; img_size=\u00bbfull\u00bb alignment=\u00bbcenter\u00bb][\/vc_column][vc_column width=\u00bb1\/6&#8243;][vc_single_image image=\u00bb2511&#8243; img_size=\u00bbfull\u00bb alignment=\u00bbcenter\u00bb][\/vc_column][vc_column width=\u00bb1\/6&#8243;][vc_single_image image=\u00bb2512&#8243; img_size=\u00bbfull\u00bb alignment=\u00bbcenter\u00bb][\/vc_column][vc_column width=\u00bb1\/6&#8243;][vc_single_image image=\u00bb2513&#8243; img_size=\u00bbfull\u00bb alignment=\u00bbcenter\u00bb][\/vc_column][vc_column width=\u00bb1\/6&#8243;][vc_single_image image=\u00bb2514&#8243; img_size=\u00bbfull\u00bb alignment=\u00bbcenter\u00bb][\/vc_column][\/vc_row][vc_row type=\u00bbfull_width_section\u00bb][vc_column column_center=\u00bbtrue\u00bb width=\u00bb1\/1&#8243;][vc_gmaps link=\u00bb#E-8_JTNDaWZyYW1lJTIwc3JjJTNEJTIyaHR0cHMlM0ElMkYlMkZ3d3cuZ29vZ2xlLmNvbSUyRm1hcHMlMkZlbWJlZCUzRnBiJTNEJTIxMW0xOCUyMTFtMTIlMjExbTMlMjExZDE0NTMuMTAyNTAzMjExNjcyNyUyMTJkLTAuNDcwMjEwMTc4MTU3ODgxMSUyMTNkMzkuNDkxNTI3MDk3MTQwODUlMjEybTMlMjExZjAlMjEyZjAlMjEzZjAlMjEzbTIlMjExaTEwMjQlMjEyaTc2OCUyMTRmMTMuMSUyMTNtMyUyMTFtMiUyMTFzMHhkNjA1YjhjMjlmNWIyMjklMjUzQTB4ODk4NjAzNGZlNGJkYWU3ZCUyMTJzVG90YWwlMjUyMEF1dG8lMjE1ZTAlMjEzbTIlMjExc2VzJTIxMnNlcyUyMTR2MTc2Nzk2OTUyNTQxNiUyMTVtMiUyMTFzZXMlMjEyc2VzJTIyJTIwd2lkdGglM0QlMjI2MDAlMjIlMjBoZWlnaHQlM0QlMjI0NTAlMjIlMjBzdHlsZSUzRCUyMmJvcmRlciUzQTAlM0IlMjIlMjBhbGxvd2Z1bGxzY3JlZW4lM0QlMjIlMjIlMjBsb2FkaW5nJTNEJTIybGF6eSUyMiUyMHJlZmVycmVycG9saWN5JTNEJTIybm8tcmVmZXJyZXItd2hlbi1kb3duZ3JhZGUlMjIlM0UlM0MlMkZpZnJhbWUlM0U=\u00bb css=\u00bb\u00bb][\/vc_column][\/vc_row]<\/p>\n<\/div>","protected":false},"excerpt":{"rendered":"<p>[vc_row top_padding=\u00bb60&#8243;][vc_column width=\u00bb1\/4&#8243;][vc_icon type=\u00bblinecons\u00bb icon_linecons=\u00bbvc_li vc_li-star\u00bb color=\u00bbcustom\u00bb background_style=\u00bbrounded-less\u00bb background_color=\u00bbcustom\u00bb align=\u00bbcenter\u00bb custom_color=\u00bb#ffffff\u00bb custom_background_color=\u00bb#ef233c\u00bb][vc_column_text] TALLER AUTORIZADO Y ASEGURADO Todo nuestro equipo es profesional y el taller cuenta con seguro de responsabilidad. Tu veh\u00edculo est\u00e1 en buenas manos desde el primer momento. [\/vc_column_text][\/vc_column][vc_column width=\u00bb1\/4&#8243;][vc_icon type=\u00bblinecons\u00bb icon_linecons=\u00bbvc_li vc_li-like\u00bb color=\u00bbcustom\u00bb background_style=\u00bbrounded-less\u00bb background_color=\u00bbcustom\u00bb align=\u00bbcenter\u00bb custom_color=\u00bb#ffffff\u00bb custom_background_color=\u00bb#ef233c\u00bb][vc_column_text] EXPERIENCIA Y CONFIANZA A\u00f1os de experiencia en mec\u00e1nica, carrocer\u00eda y mantenimiento nos avalan. Clientes que repiten por nuestro trato honesto y resultados. [\/vc_column_text][\/vc_column][vc_column width=\u00bb1\/4&#8243;][vc_icon type=\u00bblinecons\u00bb icon_linecons=\u00bbvc_li vc_li-bubble\u00bb color=\u00bbcustom\u00bb background_style=\u00bbrounded-less\u00bb background_color=\u00bbcustom\u00bb align=\u00bbcenter\u00bb custom_color=\u00bb#ffffff\u00bb custom_background_color=\u00bb#ef233c\u00bb][vc_column_text] PRESUPUESTO GRATUITO Revisamos tu coche y te damos presupuesto sin compromiso. Sin sorpresas, sin letra peque\u00f1a y siempre antes de empezar el trabajo. [\/vc_column_text][\/vc_column][vc_column width=\u00bb1\/4&#8243;][vc_icon type=\u00bblinecons\u00bb icon_linecons=\u00bbvc_li vc_li-clock\u00bb color=\u00bbcustom\u00bb background_style=\u00bbrounded-less\u00bb background_color=\u00bbcustom\u00bb align=\u00bbcenter\u00bb custom_color=\u00bb#ffffff\u00bb custom_background_color=\u00bb#ef233c\u00bb][vc_column_text] SERVICIO R\u00c1PIDO Y FIABLE Cumplimos plazos y cuidamos cada detalle. Nos adaptamos a tus necesidades para que vuelvas a la carretera lo antes posible. [\/vc_column_text][\/vc_column][\/vc_row][vc_row top_padding=\u00bb80&#8243; bottom_padding=\u00bb30&#8243;][vc_column column_center=\u00bbtrue\u00bb width=\u00bb1\/2&#8243;][vc_column_text]En Total Auto nos dedicamos al cuidado integral de su veh\u00edculo, combinando profesionalidad, rapidez y confianza en cada servicio. Somos un taller multimarca que ofrece soluciones completas para particulares, flotas y aseguradoras, abarcando desde mantenimiento y mec\u00e1nica r\u00e1pida hasta reparaciones complejas, chapa y pintura, reparaci\u00f3n o sustituci\u00f3n de lunas y cambio de neum\u00e1ticos. Nuestro equipo [&hellip;]<\/p>\n","protected":false},"author":1,"featured_media":0,"parent":0,"menu_order":0,"comment_status":"closed","ping_status":"closed","template":"","meta":{"footnotes":""},"class_list":["post-311","page","type-page","status-publish","hentry"],"yoast_head":"<!-- This site is optimized with the Yoast SEO plugin v27.4 - https:\/\/yoast.com\/product\/yoast-seo-wordpress\/ -->\n<title>Acerca de Total Auto: Tu Veh\u00edculo en Buenas Manos - Total Auto<\/title>\n<meta name=\"description\" content=\"Descubre Acerca de Total Auto, donde tu veh\u00edculo est\u00e1 en manos profesionales y seguras desde el primer momento.\" \/>\n<meta name=\"robots\" content=\"index, follow, max-snippet:-1, max-image-preview:large, max-video-preview:-1\" \/>\n<link rel=\"canonical\" href=\"https:\/\/www.totalauto.es\/index.php\/acerca-de-nosotros\/\" \/>\n<meta property=\"og:locale\" content=\"es_ES\" \/>\n<meta property=\"og:type\" content=\"article\" \/>\n<meta property=\"og:title\" content=\"Acerca de Total Auto: Tu Veh\u00edculo en Buenas Manos - Total Auto\" \/>\n<meta property=\"og:description\" content=\"Descubre Acerca de Total Auto, donde tu veh\u00edculo est\u00e1 en manos profesionales y seguras desde el primer momento.\" \/>\n<meta property=\"og:url\" content=\"https:\/\/www.totalauto.es\/index.php\/acerca-de-nosotros\/\" \/>\n<meta property=\"og:site_name\" content=\"Total Auto\" \/>\n<meta property=\"article:modified_time\" content=\"2026-01-10T23:28:04+00:00\" \/>\n<meta name=\"twitter:card\" content=\"summary_large_image\" \/>\n<meta name=\"twitter:label1\" content=\"Tiempo de lectura\" \/>\n\t<meta name=\"twitter:data1\" content=\"3 minutos\" \/>\n<script type=\"application\/ld+json\" class=\"yoast-schema-graph\">{\"@context\":\"https:\\\/\\\/schema.org\",\"@graph\":[{\"@type\":\"WebPage\",\"@id\":\"https:\\\/\\\/www.totalauto.es\\\/index.php\\\/acerca-de-nosotros\\\/\",\"url\":\"https:\\\/\\\/www.totalauto.es\\\/index.php\\\/acerca-de-nosotros\\\/\",\"name\":\"Acerca de Total Auto: Tu Veh\u00edculo en Buenas Manos - Total Auto\",\"isPartOf\":{\"@id\":\"https:\\\/\\\/www.totalauto.es\\\/#website\"},\"datePublished\":\"2023-07-06T08:29:45+00:00\",\"dateModified\":\"2026-01-10T23:28:04+00:00\",\"description\":\"Descubre Acerca de Total Auto, donde tu veh\u00edculo est\u00e1 en manos profesionales y seguras desde el primer momento.\",\"breadcrumb\":{\"@id\":\"https:\\\/\\\/www.totalauto.es\\\/index.php\\\/acerca-de-nosotros\\\/#breadcrumb\"},\"inLanguage\":\"es\",\"potentialAction\":[{\"@type\":\"ReadAction\",\"target\":[\"https:\\\/\\\/www.totalauto.es\\\/index.php\\\/acerca-de-nosotros\\\/\"]}]},{\"@type\":\"BreadcrumbList\",\"@id\":\"https:\\\/\\\/www.totalauto.es\\\/index.php\\\/acerca-de-nosotros\\\/#breadcrumb\",\"itemListElement\":[{\"@type\":\"ListItem\",\"position\":1,\"name\":\"Portada\",\"item\":\"https:\\\/\\\/www.totalauto.es\\\/\"},{\"@type\":\"ListItem\",\"position\":2,\"name\":\"Acerca de nosotros\"}]},{\"@type\":\"WebSite\",\"@id\":\"https:\\\/\\\/www.totalauto.es\\\/#website\",\"url\":\"https:\\\/\\\/www.totalauto.es\\\/\",\"name\":\"Total Auto\",\"description\":\"Taller de Mantenimiento y Reparaci\u00f3n de Veh\u00edculos en Valencia\",\"publisher\":{\"@id\":\"https:\\\/\\\/www.totalauto.es\\\/#organization\"},\"potentialAction\":[{\"@type\":\"SearchAction\",\"target\":{\"@type\":\"EntryPoint\",\"urlTemplate\":\"https:\\\/\\\/www.totalauto.es\\\/?s={search_term_string}\"},\"query-input\":{\"@type\":\"PropertyValueSpecification\",\"valueRequired\":true,\"valueName\":\"search_term_string\"}}],\"inLanguage\":\"es\"},{\"@type\":\"Organization\",\"@id\":\"https:\\\/\\\/www.totalauto.es\\\/#organization\",\"name\":\"Total Auto\",\"url\":\"https:\\\/\\\/www.totalauto.es\\\/\",\"logo\":{\"@type\":\"ImageObject\",\"inLanguage\":\"es\",\"@id\":\"https:\\\/\\\/www.totalauto.es\\\/#\\\/schema\\\/logo\\\/image\\\/\",\"url\":\"https:\\\/\\\/www.totalauto.es\\\/wp-content\\\/uploads\\\/2026\\\/01\\\/cropped-logo_totalauto_white.jpg\",\"contentUrl\":\"https:\\\/\\\/www.totalauto.es\\\/wp-content\\\/uploads\\\/2026\\\/01\\\/cropped-logo_totalauto_white.jpg\",\"width\":375,\"height\":250,\"caption\":\"Total Auto\"},\"image\":{\"@id\":\"https:\\\/\\\/www.totalauto.es\\\/#\\\/schema\\\/logo\\\/image\\\/\"}}]}<\/script>\n<!-- \/ Yoast SEO plugin. -->","yoast_head_json":{"title":"Acerca de Total Auto: Tu Veh\u00edculo en Buenas Manos - Total Auto","description":"Descubre Acerca de Total Auto, donde tu veh\u00edculo est\u00e1 en manos profesionales y seguras desde el primer momento.","robots":{"index":"index","follow":"follow","max-snippet":"max-snippet:-1","max-image-preview":"max-image-preview:large","max-video-preview":"max-video-preview:-1"},"canonical":"https:\/\/www.totalauto.es\/index.php\/acerca-de-nosotros\/","og_locale":"es_ES","og_type":"article","og_title":"Acerca de Total Auto: Tu Veh\u00edculo en Buenas Manos - Total Auto","og_description":"Descubre Acerca de Total Auto, donde tu veh\u00edculo est\u00e1 en manos profesionales y seguras desde el primer momento.","og_url":"https:\/\/www.totalauto.es\/index.php\/acerca-de-nosotros\/","og_site_name":"Total Auto","article_modified_time":"2026-01-10T23:28:04+00:00","twitter_card":"summary_large_image","twitter_misc":{"Tiempo de lectura":"3 minutos"},"schema":{"@context":"https:\/\/schema.org","@graph":[{"@type":"WebPage","@id":"https:\/\/www.totalauto.es\/index.php\/acerca-de-nosotros\/","url":"https:\/\/www.totalauto.es\/index.php\/acerca-de-nosotros\/","name":"Acerca de Total Auto: Tu Veh\u00edculo en Buenas Manos - Total Auto","isPartOf":{"@id":"https:\/\/www.totalauto.es\/#website"},"datePublished":"2023-07-06T08:29:45+00:00","dateModified":"2026-01-10T23:28:04+00:00","description":"Descubre Acerca de Total Auto, donde tu veh\u00edculo est\u00e1 en manos profesionales y seguras desde el primer momento.","breadcrumb":{"@id":"https:\/\/www.totalauto.es\/index.php\/acerca-de-nosotros\/#breadcrumb"},"inLanguage":"es","potentialAction":[{"@type":"ReadAction","target":["https:\/\/www.totalauto.es\/index.php\/acerca-de-nosotros\/"]}]},{"@type":"BreadcrumbList","@id":"https:\/\/www.totalauto.es\/index.php\/acerca-de-nosotros\/#breadcrumb","itemListElement":[{"@type":"ListItem","position":1,"name":"Portada","item":"https:\/\/www.totalauto.es\/"},{"@type":"ListItem","position":2,"name":"Acerca de nosotros"}]},{"@type":"WebSite","@id":"https:\/\/www.totalauto.es\/#website","url":"https:\/\/www.totalauto.es\/","name":"Total Auto","description":"Taller de Mantenimiento y Reparaci\u00f3n de Veh\u00edculos en Valencia","publisher":{"@id":"https:\/\/www.totalauto.es\/#organization"},"potentialAction":[{"@type":"SearchAction","target":{"@type":"EntryPoint","urlTemplate":"https:\/\/www.totalauto.es\/?s={search_term_string}"},"query-input":{"@type":"PropertyValueSpecification","valueRequired":true,"valueName":"search_term_string"}}],"inLanguage":"es"},{"@type":"Organization","@id":"https:\/\/www.totalauto.es\/#organization","name":"Total Auto","url":"https:\/\/www.totalauto.es\/","logo":{"@type":"ImageObject","inLanguage":"es","@id":"https:\/\/www.totalauto.es\/#\/schema\/logo\/image\/","url":"https:\/\/www.totalauto.es\/wp-content\/uploads\/2026\/01\/cropped-logo_totalauto_white.jpg","contentUrl":"https:\/\/www.totalauto.es\/wp-content\/uploads\/2026\/01\/cropped-logo_totalauto_white.jpg","width":375,"height":250,"caption":"Total Auto"},"image":{"@id":"https:\/\/www.totalauto.es\/#\/schema\/logo\/image\/"}}]}},"_links":{"self":[{"href":"https:\/\/www.totalauto.es\/index.php\/wp-json\/wp\/v2\/pages\/311","targetHints":{"allow":["GET"]}}],"collection":[{"href":"https:\/\/www.totalauto.es\/index.php\/wp-json\/wp\/v2\/pages"}],"about":[{"href":"https:\/\/www.totalauto.es\/index.php\/wp-json\/wp\/v2\/types\/page"}],"author":[{"embeddable":true,"href":"https:\/\/www.totalauto.es\/index.php\/wp-json\/wp\/v2\/users\/1"}],"replies":[{"embeddable":true,"href":"https:\/\/www.totalauto.es\/index.php\/wp-json\/wp\/v2\/comments?post=311"}],"version-history":[{"count":12,"href":"https:\/\/www.totalauto.es\/index.php\/wp-json\/wp\/v2\/pages\/311\/revisions"}],"predecessor-version":[{"id":3204,"href":"https:\/\/www.totalauto.es\/index.php\/wp-json\/wp\/v2\/pages\/311\/revisions\/3204"}],"wp:attachment":[{"href":"https:\/\/www.totalauto.es\/index.php\/wp-json\/wp\/v2\/media?parent=311"}],"curies":[{"name":"wp","href":"https:\/\/api.w.org\/{rel}","templated":true}]}}