{"id":3048,"date":"2023-07-06T11:39:50","date_gmt":"2023-07-06T11:39:50","guid":{"rendered":"http:\/\/localhost\/wordpress\/?page_id=64"},"modified":"2026-01-11T00:29:39","modified_gmt":"2026-01-10T23:29:39","slug":"contactar","status":"publish","type":"page","link":"https:\/\/www.totalauto.es\/index.php\/contactar\/","title":{"rendered":"Contactar"},"content":{"rendered":"<div class=\"wpb-content-wrapper\"><p>[vc_row type=\u00bbfull_width_section\u00bb][vc_column width=\u00bb1\/1&#8243;][vc_gmaps link=\u00bb#E-8_JTNDaWZyYW1lJTIwc3JjJTNEJTIyaHR0cHMlM0ElMkYlMkZ3d3cuZ29vZ2xlLmNvbSUyRm1hcHMlMkZlbWJlZCUzRnBiJTNEJTIxMW0xOCUyMTFtMTIlMjExbTMlMjExZDE0NTMuMTAyNTAzMjExNjcyNyUyMTJkLTAuNDcwMjEwMTc4MTU3ODgxMSUyMTNkMzkuNDkxNTI3MDk3MTQwODUlMjEybTMlMjExZjAlMjEyZjAlMjEzZjAlMjEzbTIlMjExaTEwMjQlMjEyaTc2OCUyMTRmMTMuMSUyMTNtMyUyMTFtMiUyMTFzMHhkNjA1YjhjMjlmNWIyMjklMjUzQTB4ODk4NjAzNGZlNGJkYWU3ZCUyMTJzVG90YWwlMjUyMEF1dG8lMjE1ZTAlMjEzbTIlMjExc2VzJTIxMnNlcyUyMTR2MTc2Nzk2OTUyNTQxNiUyMTVtMiUyMTFzZXMlMjEyc2VzJTIyJTIwd2lkdGglM0QlMjI2MDAlMjIlMjBoZWlnaHQlM0QlMjI0NTAlMjIlMjBzdHlsZSUzRCUyMmJvcmRlciUzQTAlM0IlMjIlMjBhbGxvd2Z1bGxzY3JlZW4lM0QlMjIlMjIlMjBsb2FkaW5nJTNEJTIybGF6eSUyMiUyMHJlZmVycmVycG9saWN5JTNEJTIybm8tcmVmZXJyZXItd2hlbi1kb3duZ3JhZGUlMjIlM0UlM0MlMkZpZnJhbWUlM0U=\u00bb css=\u00bb\u00bb][\/vc_column][\/vc_row][vc_row][vc_column width=\u00bb1\/1&#8243;]<h1 class=\"headline font-inherit fontsize-l fontweight-700 lh-inherit align-center transform-uppercase \" style=\"margin: 10px 0 15px 0;\">C\u00f3mo ponerse en contacto con <span class=\"highlight\">Total Auto<\/span><\/h1>[vc_column_text]<\/p>\n<p style=\"text-align: center;\">No dude en realizar cualquier consulta sobre nuestros servicios de reparaci\u00f3n de veh\u00edculos por tel\u00e9fono, o p\u00f3ngase en contacto a trav\u00e9s de nuestro formulario de contacto m\u00e1s abajo. Su mensaje ser\u00e1 enviado directamente a nuestro personal, que le responder\u00e1 lo antes posible. Tambi\u00e9n puede utilizar la opci\u00f3n de solicitar una cita directamente.<\/p>\n<p>[\/vc_column_text][\/vc_column][\/vc_row][vc_row top_padding=\u00bb20&#8243; bottom_padding=\u00bb20&#8243;][vc_column width=\u00bb1\/3&#8243;]<h1 class=\"headline font-inherit fontsize-s fontweight-700 lh-inherit align-center transform-uppercase \" style=\"margin: 0 0 5px 0;\">Nuestra <span class=\"highlight\">Ubicaci\u00f3n<\/span><\/h1>[vc_column_text]<\/p>\n<p style=\"text-align: center;\">Calle Maestro Serrano, 45. Manises 46940. Valencia<\/p>\n<p>[\/vc_column_text][\/vc_column][vc_column width=\u00bb1\/3&#8243;]<h1 class=\"headline font-inherit fontsize-s fontweight-700 lh-inherit align-center transform-uppercase \" style=\"margin: 0 0 5px 0;\">Nuestro <span class=\"highlight\">Tel\u00e9fono<\/span><\/h1>[vc_column_text]<\/p>\n<p style=\"text-align: center;\">(+34) 674 297 459<\/p>\n<p>[\/vc_column_text][\/vc_column][vc_column width=\u00bb1\/3&#8243;]<h1 class=\"headline font-inherit fontsize-s fontweight-700 lh-inherit align-center transform-uppercase \" style=\"margin: 0 0 5px 0;\">Nuestro <span class=\"highlight\">Email<\/span><\/h1>[vc_column_text]<\/p>\n<p style=\"text-align: center;\">info (arroba) totalauto.es<\/p>\n<p>[\/vc_column_text][\/vc_column][\/vc_row][vc_row bg_color=\u00bb#edf2f5&#8243; top_padding=\u00bb40&#8243;][vc_column width=\u00bb1\/1&#8243;]<h1 class=\"headline font-inherit fontsize-l fontweight-700 lh-inherit align-center transform-uppercase \" style=\"margin: 0 0 15px 0;\">Enviarnos un <span class=\"highlight\">Mensaje<\/span><\/h1>\n<div class=\"wpcf7 no-js\" id=\"wpcf7-f2361-o1\" lang=\"en-US\" dir=\"ltr\" data-wpcf7-id=\"2361\">\n<div class=\"screen-reader-response\"><p role=\"status\" aria-live=\"polite\" aria-atomic=\"true\"><\/p> <ul><\/ul><\/div>\n<form action=\"\/index.php\/wp-json\/wp\/v2\/pages\/3048#wpcf7-f2361-o1\" method=\"post\" class=\"wpcf7-form init\" aria-label=\"Contact form\" novalidate=\"novalidate\" data-status=\"init\">\n<fieldset class=\"hidden-fields-container\"><input type=\"hidden\" name=\"_wpcf7\" value=\"2361\" \/><input type=\"hidden\" name=\"_wpcf7_version\" value=\"6.1.5\" \/><input type=\"hidden\" name=\"_wpcf7_locale\" value=\"en_US\" \/><input type=\"hidden\" name=\"_wpcf7_unit_tag\" value=\"wpcf7-f2361-o1\" \/><input type=\"hidden\" name=\"_wpcf7_container_post\" value=\"0\" \/><input type=\"hidden\" name=\"_wpcf7_posted_data_hash\" value=\"\" \/>\n<\/fieldset>\n<div class=\"left_field\">\n\t<p><span class=\"wpcf7-form-control-wrap\" data-name=\"text-228\"><input size=\"40\" maxlength=\"400\" class=\"wpcf7-form-control wpcf7-text wpcf7-validates-as-required\" aria-required=\"true\" aria-invalid=\"false\" placeholder=\"Nombre\" value=\"\" type=\"text\" name=\"text-228\" \/><\/span>\n\t<\/p>\n\t<p><span class=\"wpcf7-form-control-wrap\" data-name=\"text-853\"><input size=\"40\" maxlength=\"400\" class=\"wpcf7-form-control wpcf7-text wpcf7-validates-as-required\" aria-required=\"true\" aria-invalid=\"false\" placeholder=\"Tel\u00e9fono\" value=\"\" type=\"text\" name=\"text-853\" \/><\/span>\n\t<\/p>\n<\/div>\n<div class=\"right_field\">\n\t<p><span class=\"wpcf7-form-control-wrap\" data-name=\"email-933\"><input size=\"40\" maxlength=\"400\" class=\"wpcf7-form-control wpcf7-email wpcf7-validates-as-required wpcf7-text wpcf7-validates-as-email\" aria-required=\"true\" aria-invalid=\"false\" placeholder=\"Email\" value=\"\" type=\"email\" name=\"email-933\" \/><\/span>\n\t<\/p>\n\t<p><span class=\"wpcf7-form-control-wrap\" data-name=\"text-229\"><input size=\"40\" maxlength=\"400\" class=\"wpcf7-form-control wpcf7-text wpcf7-validates-as-required\" aria-required=\"true\" aria-invalid=\"false\" placeholder=\"Asunto\" value=\"\" type=\"text\" name=\"text-229\" \/><\/span>\n\t<\/p>\n<\/div>\n<div class=\"message_field\">\n\t<p><span class=\"wpcf7-form-control-wrap\" data-name=\"textarea-226\"><textarea cols=\"40\" rows=\"10\" maxlength=\"2000\" class=\"wpcf7-form-control wpcf7-textarea wpcf7-validates-as-required\" aria-required=\"true\" aria-invalid=\"false\" placeholder=\"Escriba su mensaje aqu\u00ed\" name=\"textarea-226\"><\/textarea><\/span>\n\t<\/p>\n<\/div>\n<p><input class=\"wpcf7-form-control wpcf7-submit has-spinner\" type=\"submit\" value=\"Enviar Mensaje\" \/>\n<\/p><p style=\"display: none !important;\" class=\"akismet-fields-container\" data-prefix=\"_wpcf7_ak_\"><label>&#916;<textarea name=\"_wpcf7_ak_hp_textarea\" cols=\"45\" rows=\"8\" maxlength=\"100\"><\/textarea><\/label><input type=\"hidden\" id=\"ak_js_1\" name=\"_wpcf7_ak_js\" value=\"94\"\/><script>document.getElementById( \"ak_js_1\" ).setAttribute( \"value\", ( new Date() ).getTime() );<\/script><\/p><div class=\"wpcf7-response-output\" aria-hidden=\"true\"><\/div>\n<\/form>\n<\/div>\n[\/vc_column][\/vc_row]<\/p>\n<\/div>","protected":false},"excerpt":{"rendered":"<p>[vc_row type=\u00bbfull_width_section\u00bb][vc_column width=\u00bb1\/1&#8243;][vc_gmaps link=\u00bb#E-8_JTNDaWZyYW1lJTIwc3JjJTNEJTIyaHR0cHMlM0ElMkYlMkZ3d3cuZ29vZ2xlLmNvbSUyRm1hcHMlMkZlbWJlZCUzRnBiJTNEJTIxMW0xOCUyMTFtMTIlMjExbTMlMjExZDE0NTMuMTAyNTAzMjExNjcyNyUyMTJkLTAuNDcwMjEwMTc4MTU3ODgxMSUyMTNkMzkuNDkxNTI3MDk3MTQwODUlMjEybTMlMjExZjAlMjEyZjAlMjEzZjAlMjEzbTIlMjExaTEwMjQlMjEyaTc2OCUyMTRmMTMuMSUyMTNtMyUyMTFtMiUyMTFzMHhkNjA1YjhjMjlmNWIyMjklMjUzQTB4ODk4NjAzNGZlNGJkYWU3ZCUyMTJzVG90YWwlMjUyMEF1dG8lMjE1ZTAlMjEzbTIlMjExc2VzJTIxMnNlcyUyMTR2MTc2Nzk2OTUyNTQxNiUyMTVtMiUyMTFzZXMlMjEyc2VzJTIyJTIwd2lkdGglM0QlMjI2MDAlMjIlMjBoZWlnaHQlM0QlMjI0NTAlMjIlMjBzdHlsZSUzRCUyMmJvcmRlciUzQTAlM0IlMjIlMjBhbGxvd2Z1bGxzY3JlZW4lM0QlMjIlMjIlMjBsb2FkaW5nJTNEJTIybGF6eSUyMiUyMHJlZmVycmVycG9saWN5JTNEJTIybm8tcmVmZXJyZXItd2hlbi1kb3duZ3JhZGUlMjIlM0UlM0MlMkZpZnJhbWUlM0U=\u00bb css=\u00bb\u00bb][\/vc_column][\/vc_row][vc_row][vc_column width=\u00bb1\/1&#8243;][vc_column_text] No dude en realizar cualquier consulta sobre nuestros servicios de reparaci\u00f3n de veh\u00edculos por tel\u00e9fono, o p\u00f3ngase en contacto a trav\u00e9s de nuestro formulario de contacto m\u00e1s abajo. Su mensaje ser\u00e1 enviado directamente a nuestro personal, que le responder\u00e1 lo antes posible. Tambi\u00e9n puede utilizar la opci\u00f3n de solicitar una cita directamente. [\/vc_column_text][\/vc_column][\/vc_row][vc_row top_padding=\u00bb20&#8243; bottom_padding=\u00bb20&#8243;][vc_column width=\u00bb1\/3&#8243;][vc_column_text] Calle Maestro Serrano, 45. Manises 46940. Valencia [\/vc_column_text][\/vc_column][vc_column width=\u00bb1\/3&#8243;][vc_column_text] (+34) 674 297 459 [\/vc_column_text][\/vc_column][vc_column width=\u00bb1\/3&#8243;][vc_column_text] info (arroba) totalauto.es [\/vc_column_text][\/vc_column][\/vc_row][vc_row bg_color=\u00bb#edf2f5&#8243; top_padding=\u00bb40&#8243;][vc_column width=\u00bb1\/1&#8243;][\/vc_column][\/vc_row]<\/p>\n","protected":false},"author":1,"featured_media":0,"parent":0,"menu_order":0,"comment_status":"closed","ping_status":"closed","template":"","meta":{"footnotes":""},"class_list":["post-3048","page","type-page","status-publish","hentry"],"yoast_head":"<!-- This site is optimized with the Yoast SEO plugin v27.4 - https:\/\/yoast.com\/product\/yoast-seo-wordpress\/ -->\n<title>Contactar con Total Auto para Citas y Consultas - Total Auto<\/title>\n<meta name=\"robots\" content=\"index, follow, max-snippet:-1, max-image-preview:large, max-video-preview:-1\" \/>\n<link rel=\"canonical\" href=\"https:\/\/www.totalauto.es\/index.php\/contactar\/\" \/>\n<meta property=\"og:locale\" content=\"es_ES\" \/>\n<meta property=\"og:type\" content=\"article\" \/>\n<meta property=\"og:title\" content=\"Contactar con Total Auto para Citas y Consultas - Total Auto\" \/>\n<meta property=\"og:description\" content=\"[vc_row type=\u00bbfull_width_section\u00bb][vc_column width=\u00bb1\/1&#8243;][vc_gmaps link=\u00bb#E-8_JTNDaWZyYW1lJTIwc3JjJTNEJTIyaHR0cHMlM0ElMkYlMkZ3d3cuZ29vZ2xlLmNvbSUyRm1hcHMlMkZlbWJlZCUzRnBiJTNEJTIxMW0xOCUyMTFtMTIlMjExbTMlMjExZDE0NTMuMTAyNTAzMjExNjcyNyUyMTJkLTAuNDcwMjEwMTc4MTU3ODgxMSUyMTNkMzkuNDkxNTI3MDk3MTQwODUlMjEybTMlMjExZjAlMjEyZjAlMjEzZjAlMjEzbTIlMjExaTEwMjQlMjEyaTc2OCUyMTRmMTMuMSUyMTNtMyUyMTFtMiUyMTFzMHhkNjA1YjhjMjlmNWIyMjklMjUzQTB4ODk4NjAzNGZlNGJkYWU3ZCUyMTJzVG90YWwlMjUyMEF1dG8lMjE1ZTAlMjEzbTIlMjExc2VzJTIxMnNlcyUyMTR2MTc2Nzk2OTUyNTQxNiUyMTVtMiUyMTFzZXMlMjEyc2VzJTIyJTIwd2lkdGglM0QlMjI2MDAlMjIlMjBoZWlnaHQlM0QlMjI0NTAlMjIlMjBzdHlsZSUzRCUyMmJvcmRlciUzQTAlM0IlMjIlMjBhbGxvd2Z1bGxzY3JlZW4lM0QlMjIlMjIlMjBsb2FkaW5nJTNEJTIybGF6eSUyMiUyMHJlZmVycmVycG9saWN5JTNEJTIybm8tcmVmZXJyZXItd2hlbi1kb3duZ3JhZGUlMjIlM0UlM0MlMkZpZnJhbWUlM0U=\u00bb css=\u00bb\u00bb][\/vc_column][\/vc_row][vc_row][vc_column width=\u00bb1\/1&#8243;][vc_column_text] No dude en realizar cualquier consulta sobre nuestros servicios de reparaci\u00f3n de veh\u00edculos por tel\u00e9fono, o p\u00f3ngase en contacto a trav\u00e9s de nuestro formulario de contacto m\u00e1s abajo. Su mensaje ser\u00e1 enviado directamente a nuestro personal, que le responder\u00e1 lo antes posible. Tambi\u00e9n puede utilizar la opci\u00f3n de solicitar una cita directamente. [\/vc_column_text][\/vc_column][\/vc_row][vc_row top_padding=\u00bb20&#8243; bottom_padding=\u00bb20&#8243;][vc_column width=\u00bb1\/3&#8243;][vc_column_text] Calle Maestro Serrano, 45. Manises 46940. Valencia [\/vc_column_text][\/vc_column][vc_column width=\u00bb1\/3&#8243;][vc_column_text] (+34) 674 297 459 [\/vc_column_text][\/vc_column][vc_column width=\u00bb1\/3&#8243;][vc_column_text] info (arroba) totalauto.es [\/vc_column_text][\/vc_column][\/vc_row][vc_row bg_color=\u00bb#edf2f5&#8243; top_padding=\u00bb40&#8243;][vc_column width=\u00bb1\/1&#8243;][\/vc_column][\/vc_row]\" \/>\n<meta property=\"og:url\" content=\"https:\/\/www.totalauto.es\/index.php\/contactar\/\" \/>\n<meta property=\"og:site_name\" content=\"Total Auto\" \/>\n<meta property=\"article:modified_time\" content=\"2026-01-10T23:29:39+00:00\" \/>\n<meta name=\"twitter:card\" content=\"summary_large_image\" \/>\n<meta name=\"twitter:label1\" content=\"Tiempo de lectura\" \/>\n\t<meta name=\"twitter:data1\" content=\"1 minuto\" \/>\n<script type=\"application\/ld+json\" class=\"yoast-schema-graph\">{\"@context\":\"https:\\\/\\\/schema.org\",\"@graph\":[{\"@type\":\"WebPage\",\"@id\":\"https:\\\/\\\/www.totalauto.es\\\/index.php\\\/contactar\\\/\",\"url\":\"https:\\\/\\\/www.totalauto.es\\\/index.php\\\/contactar\\\/\",\"name\":\"Contactar con Total Auto para Citas y Consultas - Total Auto\",\"isPartOf\":{\"@id\":\"https:\\\/\\\/www.totalauto.es\\\/#website\"},\"datePublished\":\"2023-07-06T11:39:50+00:00\",\"dateModified\":\"2026-01-10T23:29:39+00:00\",\"breadcrumb\":{\"@id\":\"https:\\\/\\\/www.totalauto.es\\\/index.php\\\/contactar\\\/#breadcrumb\"},\"inLanguage\":\"es\",\"potentialAction\":[{\"@type\":\"ReadAction\",\"target\":[\"https:\\\/\\\/www.totalauto.es\\\/index.php\\\/contactar\\\/\"]}]},{\"@type\":\"BreadcrumbList\",\"@id\":\"https:\\\/\\\/www.totalauto.es\\\/index.php\\\/contactar\\\/#breadcrumb\",\"itemListElement\":[{\"@type\":\"ListItem\",\"position\":1,\"name\":\"Portada\",\"item\":\"https:\\\/\\\/www.totalauto.es\\\/\"},{\"@type\":\"ListItem\",\"position\":2,\"name\":\"Contactar\"}]},{\"@type\":\"WebSite\",\"@id\":\"https:\\\/\\\/www.totalauto.es\\\/#website\",\"url\":\"https:\\\/\\\/www.totalauto.es\\\/\",\"name\":\"Total Auto\",\"description\":\"Taller de Mantenimiento y Reparaci\u00f3n de Veh\u00edculos en Valencia\",\"publisher\":{\"@id\":\"https:\\\/\\\/www.totalauto.es\\\/#organization\"},\"potentialAction\":[{\"@type\":\"SearchAction\",\"target\":{\"@type\":\"EntryPoint\",\"urlTemplate\":\"https:\\\/\\\/www.totalauto.es\\\/?s={search_term_string}\"},\"query-input\":{\"@type\":\"PropertyValueSpecification\",\"valueRequired\":true,\"valueName\":\"search_term_string\"}}],\"inLanguage\":\"es\"},{\"@type\":\"Organization\",\"@id\":\"https:\\\/\\\/www.totalauto.es\\\/#organization\",\"name\":\"Total Auto\",\"url\":\"https:\\\/\\\/www.totalauto.es\\\/\",\"logo\":{\"@type\":\"ImageObject\",\"inLanguage\":\"es\",\"@id\":\"https:\\\/\\\/www.totalauto.es\\\/#\\\/schema\\\/logo\\\/image\\\/\",\"url\":\"https:\\\/\\\/www.totalauto.es\\\/wp-content\\\/uploads\\\/2026\\\/01\\\/cropped-logo_totalauto_white.jpg\",\"contentUrl\":\"https:\\\/\\\/www.totalauto.es\\\/wp-content\\\/uploads\\\/2026\\\/01\\\/cropped-logo_totalauto_white.jpg\",\"width\":375,\"height\":250,\"caption\":\"Total Auto\"},\"image\":{\"@id\":\"https:\\\/\\\/www.totalauto.es\\\/#\\\/schema\\\/logo\\\/image\\\/\"}}]}<\/script>\n<!-- \/ Yoast SEO plugin. -->","yoast_head_json":{"title":"Contactar con Total Auto para Citas y Consultas - Total Auto","robots":{"index":"index","follow":"follow","max-snippet":"max-snippet:-1","max-image-preview":"max-image-preview:large","max-video-preview":"max-video-preview:-1"},"canonical":"https:\/\/www.totalauto.es\/index.php\/contactar\/","og_locale":"es_ES","og_type":"article","og_title":"Contactar con Total Auto para Citas y Consultas - Total Auto","og_description":"[vc_row type=\u00bbfull_width_section\u00bb][vc_column width=\u00bb1\/1&#8243;][vc_gmaps link=\u00bb#E-8_JTNDaWZyYW1lJTIwc3JjJTNEJTIyaHR0cHMlM0ElMkYlMkZ3d3cuZ29vZ2xlLmNvbSUyRm1hcHMlMkZlbWJlZCUzRnBiJTNEJTIxMW0xOCUyMTFtMTIlMjExbTMlMjExZDE0NTMuMTAyNTAzMjExNjcyNyUyMTJkLTAuNDcwMjEwMTc4MTU3ODgxMSUyMTNkMzkuNDkxNTI3MDk3MTQwODUlMjEybTMlMjExZjAlMjEyZjAlMjEzZjAlMjEzbTIlMjExaTEwMjQlMjEyaTc2OCUyMTRmMTMuMSUyMTNtMyUyMTFtMiUyMTFzMHhkNjA1YjhjMjlmNWIyMjklMjUzQTB4ODk4NjAzNGZlNGJkYWU3ZCUyMTJzVG90YWwlMjUyMEF1dG8lMjE1ZTAlMjEzbTIlMjExc2VzJTIxMnNlcyUyMTR2MTc2Nzk2OTUyNTQxNiUyMTVtMiUyMTFzZXMlMjEyc2VzJTIyJTIwd2lkdGglM0QlMjI2MDAlMjIlMjBoZWlnaHQlM0QlMjI0NTAlMjIlMjBzdHlsZSUzRCUyMmJvcmRlciUzQTAlM0IlMjIlMjBhbGxvd2Z1bGxzY3JlZW4lM0QlMjIlMjIlMjBsb2FkaW5nJTNEJTIybGF6eSUyMiUyMHJlZmVycmVycG9saWN5JTNEJTIybm8tcmVmZXJyZXItd2hlbi1kb3duZ3JhZGUlMjIlM0UlM0MlMkZpZnJhbWUlM0U=\u00bb css=\u00bb\u00bb][\/vc_column][\/vc_row][vc_row][vc_column width=\u00bb1\/1&#8243;][vc_column_text] No dude en realizar cualquier consulta sobre nuestros servicios de reparaci\u00f3n de veh\u00edculos por tel\u00e9fono, o p\u00f3ngase en contacto a trav\u00e9s de nuestro formulario de contacto m\u00e1s abajo. Su mensaje ser\u00e1 enviado directamente a nuestro personal, que le responder\u00e1 lo antes posible. Tambi\u00e9n puede utilizar la opci\u00f3n de solicitar una cita directamente. [\/vc_column_text][\/vc_column][\/vc_row][vc_row top_padding=\u00bb20&#8243; bottom_padding=\u00bb20&#8243;][vc_column width=\u00bb1\/3&#8243;][vc_column_text] Calle Maestro Serrano, 45. Manises 46940. Valencia [\/vc_column_text][\/vc_column][vc_column width=\u00bb1\/3&#8243;][vc_column_text] (+34) 674 297 459 [\/vc_column_text][\/vc_column][vc_column width=\u00bb1\/3&#8243;][vc_column_text] info (arroba) totalauto.es [\/vc_column_text][\/vc_column][\/vc_row][vc_row bg_color=\u00bb#edf2f5&#8243; top_padding=\u00bb40&#8243;][vc_column width=\u00bb1\/1&#8243;][\/vc_column][\/vc_row]","og_url":"https:\/\/www.totalauto.es\/index.php\/contactar\/","og_site_name":"Total Auto","article_modified_time":"2026-01-10T23:29:39+00:00","twitter_card":"summary_large_image","twitter_misc":{"Tiempo de lectura":"1 minuto"},"schema":{"@context":"https:\/\/schema.org","@graph":[{"@type":"WebPage","@id":"https:\/\/www.totalauto.es\/index.php\/contactar\/","url":"https:\/\/www.totalauto.es\/index.php\/contactar\/","name":"Contactar con Total Auto para Citas y Consultas - Total Auto","isPartOf":{"@id":"https:\/\/www.totalauto.es\/#website"},"datePublished":"2023-07-06T11:39:50+00:00","dateModified":"2026-01-10T23:29:39+00:00","breadcrumb":{"@id":"https:\/\/www.totalauto.es\/index.php\/contactar\/#breadcrumb"},"inLanguage":"es","potentialAction":[{"@type":"ReadAction","target":["https:\/\/www.totalauto.es\/index.php\/contactar\/"]}]},{"@type":"BreadcrumbList","@id":"https:\/\/www.totalauto.es\/index.php\/contactar\/#breadcrumb","itemListElement":[{"@type":"ListItem","position":1,"name":"Portada","item":"https:\/\/www.totalauto.es\/"},{"@type":"ListItem","position":2,"name":"Contactar"}]},{"@type":"WebSite","@id":"https:\/\/www.totalauto.es\/#website","url":"https:\/\/www.totalauto.es\/","name":"Total Auto","description":"Taller de Mantenimiento y Reparaci\u00f3n de Veh\u00edculos en Valencia","publisher":{"@id":"https:\/\/www.totalauto.es\/#organization"},"potentialAction":[{"@type":"SearchAction","target":{"@type":"EntryPoint","urlTemplate":"https:\/\/www.totalauto.es\/?s={search_term_string}"},"query-input":{"@type":"PropertyValueSpecification","valueRequired":true,"valueName":"search_term_string"}}],"inLanguage":"es"},{"@type":"Organization","@id":"https:\/\/www.totalauto.es\/#organization","name":"Total Auto","url":"https:\/\/www.totalauto.es\/","logo":{"@type":"ImageObject","inLanguage":"es","@id":"https:\/\/www.totalauto.es\/#\/schema\/logo\/image\/","url":"https:\/\/www.totalauto.es\/wp-content\/uploads\/2026\/01\/cropped-logo_totalauto_white.jpg","contentUrl":"https:\/\/www.totalauto.es\/wp-content\/uploads\/2026\/01\/cropped-logo_totalauto_white.jpg","width":375,"height":250,"caption":"Total Auto"},"image":{"@id":"https:\/\/www.totalauto.es\/#\/schema\/logo\/image\/"}}]}},"_links":{"self":[{"href":"https:\/\/www.totalauto.es\/index.php\/wp-json\/wp\/v2\/pages\/3048","targetHints":{"allow":["GET"]}}],"collection":[{"href":"https:\/\/www.totalauto.es\/index.php\/wp-json\/wp\/v2\/pages"}],"about":[{"href":"https:\/\/www.totalauto.es\/index.php\/wp-json\/wp\/v2\/types\/page"}],"author":[{"embeddable":true,"href":"https:\/\/www.totalauto.es\/index.php\/wp-json\/wp\/v2\/users\/1"}],"replies":[{"embeddable":true,"href":"https:\/\/www.totalauto.es\/index.php\/wp-json\/wp\/v2\/comments?post=3048"}],"version-history":[{"count":13,"href":"https:\/\/www.totalauto.es\/index.php\/wp-json\/wp\/v2\/pages\/3048\/revisions"}],"predecessor-version":[{"id":3237,"href":"https:\/\/www.totalauto.es\/index.php\/wp-json\/wp\/v2\/pages\/3048\/revisions\/3237"}],"wp:attachment":[{"href":"https:\/\/www.totalauto.es\/index.php\/wp-json\/wp\/v2\/media?parent=3048"}],"curies":[{"name":"wp","href":"https:\/\/api.w.org\/{rel}","templated":true}]}}