{"id":3047,"date":"2023-07-06T10:32:48","date_gmt":"2023-07-06T10:32:48","guid":{"rendered":"http:\/\/localhost\/wordpress\/?page_id=14"},"modified":"2026-01-10T22:48:26","modified_gmt":"2026-01-10T21:48:26","slug":"nuestros-servicios","status":"publish","type":"page","link":"https:\/\/www.totalauto.es\/index.php\/nuestros-servicios\/","title":{"rendered":"Nuestros servicios"},"content":{"rendered":"<div class=\"wpb-content-wrapper\"><p>[vc_row top_padding=\u00bb50&#8243; bottom_padding=\u00bb50&#8243;][vc_column]<h1 class=\"headline font-inherit fontsize-l fontweight-700 lh-inherit align-center transform-uppercase \" style=\"margin: 10px 0 10px 0;\">Servicios de Reparaci\u00f3n y <span class=\"highlight\">Mantenimiento<\/span><\/h1>[vc_column_text]<\/p>\n<p style=\"text-align: center;\">En Total Auto ofrecemos un servicio integral para su veh\u00edculo, incluyendo mec\u00e1nica r\u00e1pida, mantenimiento y reparaciones complejas, chapa y pintura, reparaci\u00f3n o sustituci\u00f3n de lunas y cambio de neum\u00e1ticos.<\/p>\n<p>[\/vc_column_text][\/vc_column][vc_column width=\u00bb1\/3&#8243;]\n\t\t<div class=\"wpb_content_element featured-box \" >\n\t\t\t\t<div class=\"featured-box-thumb\"><a href=\"https:\/\/www.totalauto.es\/index.php\/mantenimiento-de-vehiculos\/\"><img decoding=\"async\" src=\"https:\/\/www.totalauto.es\/wp-content\/uploads\/2023\/08\/Auto-Maintenance-Service-Img-003.jpg\"><\/a>\n\t\t\t\t<\/div>\n\t\t\t\t<div class=\"featured-box-content\"><h4>Servicio de Mantenimiento<\/h4>\n\t\t\t\t\t\t<div class=\"featured-box-desc\"><p>lizamos cambios de aceite, filtros, frenos, bater\u00edas y revisiones peri\u00f3dicas. Incluye diagnosis electr\u00f3nica y puesta a punto del veh\u00edculo. Nuestro objetivo es mantener su coche seguro y en perfecto funcionamiento.<\/p>\n\t\t\t\t\t\t<\/div>\n\t\t\t\t\t\t<div class=\"featured-box-button\">\n\t\t\t\t\t\t\t<a href=\"https:\/\/www.totalauto.es\/index.php\/mantenimiento-de-vehiculos\/\" class=\"\">M\u00e1s Detalles<\/a>\n\t\t\t\t\t\t<\/div>\n\t\t\t\t<\/div>\n\t\t<\/div>\n\t\t<div class=\"wpb_content_element featured-box \" >\n\t\t\t\t<div class=\"featured-box-thumb\"><a href=\"https:\/\/www.totalauto.es\/index.php\/reparacion-y-sustitucion-de-lunas\/\"><img decoding=\"async\" src=\"https:\/\/www.totalauto.es\/wp-content\/uploads\/2016\/01\/Auto-Diagnosis.jpg\"><\/a>\n\t\t\t\t<\/div>\n\t\t\t\t<div class=\"featured-box-content\"><h4>Reparaci\u00f3n y sustituci\u00f3n de lunas<\/h4>\n\t\t\t\t\t\t<div class=\"featured-box-desc\"><p>Reparamos impactos y grietas cuando es seguro hacerlo. Sustituimos parabrisas y cristales con recambios homologados. Gestionamos aseguradoras y aseguramos m\u00e1xima seguridad y visibilidad.<\/p>\n\t\t\t\t\t\t<\/div>\n\t\t\t\t\t\t<div class=\"featured-box-button\">\n\t\t\t\t\t\t\t<a href=\"https:\/\/www.totalauto.es\/index.php\/reparacion-y-sustitucion-de-lunas\/\" class=\"\">M\u00e1s Detalles<\/a>\n\t\t\t\t\t\t<\/div>\n\t\t\t\t<\/div>\n\t\t<\/div>[\/vc_column][vc_column width=\u00bb1\/3&#8243;]\n\t\t<div class=\"wpb_content_element featured-box \" >\n\t\t\t\t<div class=\"featured-box-thumb\"><a href=\"https:\/\/www.totalauto.es\/index.php\/reparacion-de-vehiculos\/\"><img decoding=\"async\" src=\"https:\/\/www.totalauto.es\/wp-content\/uploads\/2023\/08\/Auto-Repair-Serviec-Image-00003.jpg\"><\/a>\n\t\t\t\t<\/div>\n\t\t\t\t<div class=\"featured-box-content\"><h4>Servicios de Reparaci\u00f3n<\/h4>\n\t\t\t\t\t\t<div class=\"featured-box-desc\"><p>Solucionamos aver\u00edas mec\u00e1nicas, el\u00e9ctricas y electr\u00f3nicas de todo tipo. Incluye motor, transmisi\u00f3n, suspensi\u00f3n y frenos. Garantizamos un servicio profesional, r\u00e1pido y confiable para devolverle su veh\u00edculo en perfectas condiciones.<\/p>\n\t\t\t\t\t\t<\/div>\n\t\t\t\t\t\t<div class=\"featured-box-button\">\n\t\t\t\t\t\t\t<a href=\"https:\/\/www.totalauto.es\/index.php\/reparacion-de-vehiculos\/\" class=\"\">M\u00e1s Detalles<\/a>\n\t\t\t\t\t\t<\/div>\n\t\t\t\t<\/div>\n\t\t<\/div>\n\t\t<div class=\"wpb_content_element featured-box \" >\n\t\t\t\t<div class=\"featured-box-thumb\"><a href=\"https:\/\/www.totalauto.es\/index.php\/cambio-de-neumaticos\/\"><img decoding=\"async\" src=\"https:\/\/www.totalauto.es\/wp-content\/uploads\/2016\/01\/Engine-Repair.jpg\"><\/a>\n\t\t\t\t<\/div>\n\t\t\t\t<div class=\"featured-box-content\"><h4>Cambio y reparaci\u00f3n de neum\u00e1ticos<\/h4>\n\t\t\t\t\t\t<div class=\"featured-box-desc\"><p>Reparaci\u00f3n de pinchazos y sustituci\u00f3n de neum\u00e1ticos desgastados o da\u00f1ados. Incluye montaje, equilibrado y alineaci\u00f3n para una conducci\u00f3n segura. Asesoramos sobre la mejor opci\u00f3n seg\u00fan veh\u00edculo, tipo de conducci\u00f3n y presupuesto.<\/p>\n\t\t\t\t\t\t<\/div>\n\t\t\t\t\t\t<div class=\"featured-box-button\">\n\t\t\t\t\t\t\t<a href=\"https:\/\/www.totalauto.es\/index.php\/cambio-de-neumaticos\/\" class=\"\">M\u00e1s Detalles<\/a>\n\t\t\t\t\t\t<\/div>\n\t\t\t\t<\/div>\n\t\t<\/div>[\/vc_column][vc_column width=\u00bb1\/3&#8243;]\n\t\t<div class=\"wpb_content_element featured-box \" >\n\t\t\t\t<div class=\"featured-box-thumb\"><a href=\"https:\/\/www.totalauto.es\/index.php\/chapa-y-pintura\/\"><img decoding=\"async\" src=\"https:\/\/www.totalauto.es\/wp-content\/uploads\/2016\/08\/Additional-Services.jpg\"><\/a>\n\t\t\t\t<\/div>\n\t\t\t\t<div class=\"featured-box-content\"><h4>Servicios de Chapa y Pintura<\/h4>\n\t\t\t\t\t\t<div class=\"featured-box-desc\"><p>Reparamos golpes, abolladuras y ara\u00f1azos en carrocer\u00eda y piezas da\u00f1adas. Ofrecemos pintura parcial o completa, igualado de color y acabados profesionales. Nuestro objetivo es que su coche luzca como nuevo, con resultados duraderos.<\/p>\n\t\t\t\t\t\t<\/div>\n\t\t\t\t\t\t<div class=\"featured-box-button\">\n\t\t\t\t\t\t\t<a href=\"https:\/\/www.totalauto.es\/index.php\/chapa-y-pintura\/\" class=\"\">M\u00e1s Detalles<\/a>\n\t\t\t\t\t\t<\/div>\n\t\t\t\t<\/div>\n\t\t<\/div>\n\t\t<div class=\"wpb_content_element featured-box \" >\n\t\t\t\t<div class=\"featured-box-thumb\"><a href=\"https:\/\/www.totalauto.es\/index.php\/mantenimiento-de-vehiculos\/\"><img decoding=\"async\" src=\"https:\/\/www.totalauto.es\/wp-content\/uploads\/2016\/01\/Wheel-Alignment.jpg\"><\/a>\n\t\t\t\t<\/div>\n\t\t\t\t<div class=\"featured-box-content\"><h4>Lavado de veh\u00edculos<\/h4>\n\t\t\t\t\t\t<div class=\"featured-box-desc\"><p>Limpieza interior y exterior profesional de todo tipo de veh\u00edculos. Incluye aspirado, lavado, pulido y tratamiento de superficies. Dejamos su coche impecable, cuidando cada detalle para mantener su valor y apariencia.<\/p>\n\t\t\t\t\t\t<\/div>\n\t\t\t\t\t\t<div class=\"featured-box-button\">\n\t\t\t\t\t\t\t<a href=\"https:\/\/www.totalauto.es\/index.php\/mantenimiento-de-vehiculos\/\" class=\"\">M\u00e1s Detalles<\/a>\n\t\t\t\t\t\t<\/div>\n\t\t\t\t<\/div>\n\t\t<\/div>[\/vc_column][\/vc_row][vc_row bg_color=\u00bb#f5fbff\u00bb top_padding=\u00bb60&#8243; bottom_padding=\u00bb50&#8243;][vc_column column_center=\u00bbtrue\u00bb width=\u00bb1\/2&#8243;]<h1 class=\"headline font-inherit fontsize-l fontweight-700 lh-inherit align-left transform-uppercase \" style=\"margin: 0 0 10px 0;\"> Nuestro <span class=\"highlight\">Compromiso<\/span> y <span class=\"highlight\">Garantia<\/span><\/h1>[vc_column_text]En Total Auto valoramos a cada uno de nuestros clientes y nos esforzamos por ofrecer un servicio tan confiable y profesional que quiera recomendarnos a familiares y amigos. Muchos de nuestros clientes vuelven a nosotros para sus mantenimientos y reparaciones peri\u00f3dicas.<\/p>\n<p>Puede estar seguro de que utilizamos recambios adecuados y que todo el trabajo realizado es inspeccionado y probado antes de devolverle su veh\u00edculo. Adem\u00e1s, todas las piezas y servicios cuentan con una garant\u00eda de 3 meses o 2.000 km, asegurando tranquilidad y confianza en cada intervenci\u00f3n.[\/vc_column_text][\/vc_column][vc_column column_center=\u00bbtrue\u00bb width=\u00bb1\/2&#8243;][vc_single_image image=\u00bb2856&#8243; img_size=\u00bbfull\u00bb alignment=\u00bbright\u00bb onclick=\u00bbzoom\u00bb][\/vc_column][\/vc_row]<\/p>\n<\/div>","protected":false},"excerpt":{"rendered":"<p>[vc_row top_padding=\u00bb50&#8243; bottom_padding=\u00bb50&#8243;][vc_column][vc_column_text] En Total Auto ofrecemos un servicio integral para su veh\u00edculo, incluyendo mec\u00e1nica r\u00e1pida, mantenimiento y reparaciones complejas, chapa y pintura, reparaci\u00f3n o sustituci\u00f3n de lunas y cambio de neum\u00e1ticos. [\/vc_column_text][\/vc_column][vc_column width=\u00bb1\/3&#8243;][\/vc_column][vc_column width=\u00bb1\/3&#8243;][\/vc_column][vc_column width=\u00bb1\/3&#8243;][\/vc_column][\/vc_row][vc_row bg_color=\u00bb#f5fbff\u00bb top_padding=\u00bb60&#8243; bottom_padding=\u00bb50&#8243;][vc_column column_center=\u00bbtrue\u00bb width=\u00bb1\/2&#8243;][vc_column_text]En Total Auto valoramos a cada uno de nuestros clientes y nos esforzamos por ofrecer un servicio tan confiable y profesional que quiera recomendarnos a familiares y amigos. Muchos de nuestros clientes vuelven a nosotros para sus mantenimientos y reparaciones peri\u00f3dicas. Puede estar seguro de que utilizamos recambios adecuados y que todo el trabajo realizado es inspeccionado y probado antes de devolverle su veh\u00edculo. Adem\u00e1s, todas las piezas y servicios cuentan con una garant\u00eda de 3 meses o 2.000 km, asegurando tranquilidad y confianza en cada intervenci\u00f3n.[\/vc_column_text][\/vc_column][vc_column column_center=\u00bbtrue\u00bb width=\u00bb1\/2&#8243;][vc_single_image image=\u00bb2856&#8243; img_size=\u00bbfull\u00bb alignment=\u00bbright\u00bb onclick=\u00bbzoom\u00bb][\/vc_column][\/vc_row]<\/p>\n","protected":false},"author":1,"featured_media":0,"parent":0,"menu_order":0,"comment_status":"closed","ping_status":"closed","template":"","meta":{"footnotes":""},"class_list":["post-3047","page","type-page","status-publish","hentry"],"yoast_head":"<!-- This site is optimized with the Yoast SEO plugin v27.4 - https:\/\/yoast.com\/product\/yoast-seo-wordpress\/ -->\n<title>Nuestros servicios - Total Auto<\/title>\n<meta name=\"robots\" content=\"index, follow, max-snippet:-1, max-image-preview:large, max-video-preview:-1\" \/>\n<link rel=\"canonical\" href=\"https:\/\/www.totalauto.es\/index.php\/nuestros-servicios\/\" \/>\n<meta property=\"og:locale\" content=\"es_ES\" \/>\n<meta property=\"og:type\" content=\"article\" \/>\n<meta property=\"og:title\" content=\"Nuestros servicios - Total Auto\" \/>\n<meta property=\"og:description\" content=\"[vc_row top_padding=\u00bb50&#8243; bottom_padding=\u00bb50&#8243;][vc_column][vc_column_text] En Total Auto ofrecemos un servicio integral para su veh\u00edculo, incluyendo mec\u00e1nica r\u00e1pida, mantenimiento y reparaciones complejas, chapa y pintura, reparaci\u00f3n o sustituci\u00f3n de lunas y cambio de neum\u00e1ticos. [\/vc_column_text][\/vc_column][vc_column width=\u00bb1\/3&#8243;][\/vc_column][vc_column width=\u00bb1\/3&#8243;][\/vc_column][vc_column width=\u00bb1\/3&#8243;][\/vc_column][\/vc_row][vc_row bg_color=\u00bb#f5fbff\u00bb top_padding=\u00bb60&#8243; bottom_padding=\u00bb50&#8243;][vc_column column_center=\u00bbtrue\u00bb width=\u00bb1\/2&#8243;][vc_column_text]En Total Auto valoramos a cada uno de nuestros clientes y nos esforzamos por ofrecer un servicio tan confiable y profesional que quiera recomendarnos a familiares y amigos. Muchos de nuestros clientes vuelven a nosotros para sus mantenimientos y reparaciones peri\u00f3dicas. Puede estar seguro de que utilizamos recambios adecuados y que todo el trabajo realizado es inspeccionado y probado antes de devolverle su veh\u00edculo. Adem\u00e1s, todas las piezas y servicios cuentan con una garant\u00eda de 3 meses o 2.000 km, asegurando tranquilidad y confianza en cada intervenci\u00f3n.[\/vc_column_text][\/vc_column][vc_column column_center=\u00bbtrue\u00bb width=\u00bb1\/2&#8243;][vc_single_image image=\u00bb2856&#8243; img_size=\u00bbfull\u00bb alignment=\u00bbright\u00bb onclick=\u00bbzoom\u00bb][\/vc_column][\/vc_row]\" \/>\n<meta property=\"og:url\" content=\"https:\/\/www.totalauto.es\/index.php\/nuestros-servicios\/\" \/>\n<meta property=\"og:site_name\" content=\"Total Auto\" \/>\n<meta property=\"article:modified_time\" content=\"2026-01-10T21:48:26+00:00\" \/>\n<meta name=\"twitter:card\" content=\"summary_large_image\" \/>\n<meta name=\"twitter:label1\" content=\"Tiempo de lectura\" \/>\n\t<meta name=\"twitter:data1\" content=\"3 minutos\" \/>\n<script type=\"application\/ld+json\" class=\"yoast-schema-graph\">{\"@context\":\"https:\\\/\\\/schema.org\",\"@graph\":[{\"@type\":\"WebPage\",\"@id\":\"https:\\\/\\\/www.totalauto.es\\\/index.php\\\/nuestros-servicios\\\/\",\"url\":\"https:\\\/\\\/www.totalauto.es\\\/index.php\\\/nuestros-servicios\\\/\",\"name\":\"Nuestros servicios - Total Auto\",\"isPartOf\":{\"@id\":\"https:\\\/\\\/www.totalauto.es\\\/#website\"},\"datePublished\":\"2023-07-06T10:32:48+00:00\",\"dateModified\":\"2026-01-10T21:48:26+00:00\",\"breadcrumb\":{\"@id\":\"https:\\\/\\\/www.totalauto.es\\\/index.php\\\/nuestros-servicios\\\/#breadcrumb\"},\"inLanguage\":\"es\",\"potentialAction\":[{\"@type\":\"ReadAction\",\"target\":[\"https:\\\/\\\/www.totalauto.es\\\/index.php\\\/nuestros-servicios\\\/\"]}]},{\"@type\":\"BreadcrumbList\",\"@id\":\"https:\\\/\\\/www.totalauto.es\\\/index.php\\\/nuestros-servicios\\\/#breadcrumb\",\"itemListElement\":[{\"@type\":\"ListItem\",\"position\":1,\"name\":\"Portada\",\"item\":\"https:\\\/\\\/www.totalauto.es\\\/\"},{\"@type\":\"ListItem\",\"position\":2,\"name\":\"Nuestros servicios\"}]},{\"@type\":\"WebSite\",\"@id\":\"https:\\\/\\\/www.totalauto.es\\\/#website\",\"url\":\"https:\\\/\\\/www.totalauto.es\\\/\",\"name\":\"Total Auto\",\"description\":\"Taller de Mantenimiento y Reparaci\u00f3n de Veh\u00edculos en Valencia\",\"publisher\":{\"@id\":\"https:\\\/\\\/www.totalauto.es\\\/#organization\"},\"potentialAction\":[{\"@type\":\"SearchAction\",\"target\":{\"@type\":\"EntryPoint\",\"urlTemplate\":\"https:\\\/\\\/www.totalauto.es\\\/?s={search_term_string}\"},\"query-input\":{\"@type\":\"PropertyValueSpecification\",\"valueRequired\":true,\"valueName\":\"search_term_string\"}}],\"inLanguage\":\"es\"},{\"@type\":\"Organization\",\"@id\":\"https:\\\/\\\/www.totalauto.es\\\/#organization\",\"name\":\"Total Auto\",\"url\":\"https:\\\/\\\/www.totalauto.es\\\/\",\"logo\":{\"@type\":\"ImageObject\",\"inLanguage\":\"es\",\"@id\":\"https:\\\/\\\/www.totalauto.es\\\/#\\\/schema\\\/logo\\\/image\\\/\",\"url\":\"https:\\\/\\\/www.totalauto.es\\\/wp-content\\\/uploads\\\/2026\\\/01\\\/cropped-logo_totalauto_white.jpg\",\"contentUrl\":\"https:\\\/\\\/www.totalauto.es\\\/wp-content\\\/uploads\\\/2026\\\/01\\\/cropped-logo_totalauto_white.jpg\",\"width\":375,\"height\":250,\"caption\":\"Total Auto\"},\"image\":{\"@id\":\"https:\\\/\\\/www.totalauto.es\\\/#\\\/schema\\\/logo\\\/image\\\/\"}}]}<\/script>\n<!-- \/ Yoast SEO plugin. -->","yoast_head_json":{"title":"Nuestros servicios - Total Auto","robots":{"index":"index","follow":"follow","max-snippet":"max-snippet:-1","max-image-preview":"max-image-preview:large","max-video-preview":"max-video-preview:-1"},"canonical":"https:\/\/www.totalauto.es\/index.php\/nuestros-servicios\/","og_locale":"es_ES","og_type":"article","og_title":"Nuestros servicios - Total Auto","og_description":"[vc_row top_padding=\u00bb50&#8243; bottom_padding=\u00bb50&#8243;][vc_column][vc_column_text] En Total Auto ofrecemos un servicio integral para su veh\u00edculo, incluyendo mec\u00e1nica r\u00e1pida, mantenimiento y reparaciones complejas, chapa y pintura, reparaci\u00f3n o sustituci\u00f3n de lunas y cambio de neum\u00e1ticos. [\/vc_column_text][\/vc_column][vc_column width=\u00bb1\/3&#8243;][\/vc_column][vc_column width=\u00bb1\/3&#8243;][\/vc_column][vc_column width=\u00bb1\/3&#8243;][\/vc_column][\/vc_row][vc_row bg_color=\u00bb#f5fbff\u00bb top_padding=\u00bb60&#8243; bottom_padding=\u00bb50&#8243;][vc_column column_center=\u00bbtrue\u00bb width=\u00bb1\/2&#8243;][vc_column_text]En Total Auto valoramos a cada uno de nuestros clientes y nos esforzamos por ofrecer un servicio tan confiable y profesional que quiera recomendarnos a familiares y amigos. Muchos de nuestros clientes vuelven a nosotros para sus mantenimientos y reparaciones peri\u00f3dicas. Puede estar seguro de que utilizamos recambios adecuados y que todo el trabajo realizado es inspeccionado y probado antes de devolverle su veh\u00edculo. Adem\u00e1s, todas las piezas y servicios cuentan con una garant\u00eda de 3 meses o 2.000 km, asegurando tranquilidad y confianza en cada intervenci\u00f3n.[\/vc_column_text][\/vc_column][vc_column column_center=\u00bbtrue\u00bb width=\u00bb1\/2&#8243;][vc_single_image image=\u00bb2856&#8243; img_size=\u00bbfull\u00bb alignment=\u00bbright\u00bb onclick=\u00bbzoom\u00bb][\/vc_column][\/vc_row]","og_url":"https:\/\/www.totalauto.es\/index.php\/nuestros-servicios\/","og_site_name":"Total Auto","article_modified_time":"2026-01-10T21:48:26+00:00","twitter_card":"summary_large_image","twitter_misc":{"Tiempo de lectura":"3 minutos"},"schema":{"@context":"https:\/\/schema.org","@graph":[{"@type":"WebPage","@id":"https:\/\/www.totalauto.es\/index.php\/nuestros-servicios\/","url":"https:\/\/www.totalauto.es\/index.php\/nuestros-servicios\/","name":"Nuestros servicios - Total Auto","isPartOf":{"@id":"https:\/\/www.totalauto.es\/#website"},"datePublished":"2023-07-06T10:32:48+00:00","dateModified":"2026-01-10T21:48:26+00:00","breadcrumb":{"@id":"https:\/\/www.totalauto.es\/index.php\/nuestros-servicios\/#breadcrumb"},"inLanguage":"es","potentialAction":[{"@type":"ReadAction","target":["https:\/\/www.totalauto.es\/index.php\/nuestros-servicios\/"]}]},{"@type":"BreadcrumbList","@id":"https:\/\/www.totalauto.es\/index.php\/nuestros-servicios\/#breadcrumb","itemListElement":[{"@type":"ListItem","position":1,"name":"Portada","item":"https:\/\/www.totalauto.es\/"},{"@type":"ListItem","position":2,"name":"Nuestros servicios"}]},{"@type":"WebSite","@id":"https:\/\/www.totalauto.es\/#website","url":"https:\/\/www.totalauto.es\/","name":"Total Auto","description":"Taller de Mantenimiento y Reparaci\u00f3n de Veh\u00edculos en Valencia","publisher":{"@id":"https:\/\/www.totalauto.es\/#organization"},"potentialAction":[{"@type":"SearchAction","target":{"@type":"EntryPoint","urlTemplate":"https:\/\/www.totalauto.es\/?s={search_term_string}"},"query-input":{"@type":"PropertyValueSpecification","valueRequired":true,"valueName":"search_term_string"}}],"inLanguage":"es"},{"@type":"Organization","@id":"https:\/\/www.totalauto.es\/#organization","name":"Total Auto","url":"https:\/\/www.totalauto.es\/","logo":{"@type":"ImageObject","inLanguage":"es","@id":"https:\/\/www.totalauto.es\/#\/schema\/logo\/image\/","url":"https:\/\/www.totalauto.es\/wp-content\/uploads\/2026\/01\/cropped-logo_totalauto_white.jpg","contentUrl":"https:\/\/www.totalauto.es\/wp-content\/uploads\/2026\/01\/cropped-logo_totalauto_white.jpg","width":375,"height":250,"caption":"Total Auto"},"image":{"@id":"https:\/\/www.totalauto.es\/#\/schema\/logo\/image\/"}}]}},"_links":{"self":[{"href":"https:\/\/www.totalauto.es\/index.php\/wp-json\/wp\/v2\/pages\/3047","targetHints":{"allow":["GET"]}}],"collection":[{"href":"https:\/\/www.totalauto.es\/index.php\/wp-json\/wp\/v2\/pages"}],"about":[{"href":"https:\/\/www.totalauto.es\/index.php\/wp-json\/wp\/v2\/types\/page"}],"author":[{"embeddable":true,"href":"https:\/\/www.totalauto.es\/index.php\/wp-json\/wp\/v2\/users\/1"}],"replies":[{"embeddable":true,"href":"https:\/\/www.totalauto.es\/index.php\/wp-json\/wp\/v2\/comments?post=3047"}],"version-history":[{"count":14,"href":"https:\/\/www.totalauto.es\/index.php\/wp-json\/wp\/v2\/pages\/3047\/revisions"}],"predecessor-version":[{"id":3230,"href":"https:\/\/www.totalauto.es\/index.php\/wp-json\/wp\/v2\/pages\/3047\/revisions\/3230"}],"wp:attachment":[{"href":"https:\/\/www.totalauto.es\/index.php\/wp-json\/wp\/v2\/media?parent=3047"}],"curies":[{"name":"wp","href":"https:\/\/api.w.org\/{rel}","templated":true}]}}