{"id":303,"date":"2023-07-06T07:46:03","date_gmt":"2023-07-06T07:46:03","guid":{"rendered":"http:\/\/localhost\/wordpress\/?page_id=303"},"modified":"2026-01-10T20:40:51","modified_gmt":"2026-01-10T19:40:51","slug":"solicitar-una-cita","status":"publish","type":"page","link":"https:\/\/www.totalauto.es\/index.php\/solicitar-una-cita\/","title":{"rendered":"Solicitar una cita"},"content":{"rendered":"<div class=\"wpb-content-wrapper\"><p>[vc_row][vc_column width=\u00bb2\/3&#8243;]<h1 class=\"headline font-inherit fontsize-l fontweight-700 lh-inherit align-left transform-uppercase \" style=\"margin: 0 0 5px 0;\">Solicite una Cita <span class=\"highlight\"> o un Presupuesto<\/span><\/h1>[vc_column_text]Por favor proporcione la informaci\u00f3n solicitada a continuaci\u00f3n. A la mayor brevedad posible nos pondremos en contacto con usted para poder fijar una cita o remitirle un presupuesto.[\/vc_column_text]\n<div class=\"wpcf7 no-js\" id=\"wpcf7-f2371-o1\" lang=\"en-US\" dir=\"ltr\" data-wpcf7-id=\"2371\">\n<div class=\"screen-reader-response\"><p role=\"status\" aria-live=\"polite\" aria-atomic=\"true\"><\/p> <ul><\/ul><\/div>\n<form action=\"\/index.php\/wp-json\/wp\/v2\/pages\/303#wpcf7-f2371-o1\" method=\"post\" class=\"wpcf7-form init\" aria-label=\"Contact form\" novalidate=\"novalidate\" data-status=\"init\">\n<fieldset class=\"hidden-fields-container\"><input type=\"hidden\" name=\"_wpcf7\" value=\"2371\" \/><input type=\"hidden\" name=\"_wpcf7_version\" value=\"6.1.5\" \/><input type=\"hidden\" name=\"_wpcf7_locale\" value=\"en_US\" \/><input type=\"hidden\" name=\"_wpcf7_unit_tag\" value=\"wpcf7-f2371-o1\" \/><input type=\"hidden\" name=\"_wpcf7_container_post\" value=\"0\" \/><input type=\"hidden\" name=\"_wpcf7_posted_data_hash\" value=\"\" \/>\n<\/fieldset>\n<div class=\"left_field\">\n\t<p>NOMBRE : <span class=\"wpcf7-form-control-wrap\" data-name=\"text-228\"><input size=\"40\" maxlength=\"400\" class=\"wpcf7-form-control wpcf7-text wpcf7-validates-as-required\" aria-required=\"true\" aria-invalid=\"false\" value=\"\" type=\"text\" name=\"text-228\" \/><\/span>\n\t<\/p>\n\t<p>TEL\u00c9FONO :<br \/>\n<span class=\"wpcf7-form-control-wrap\" data-name=\"text-853\"><input size=\"40\" maxlength=\"400\" class=\"wpcf7-form-control wpcf7-text wpcf7-validates-as-required\" aria-required=\"true\" aria-invalid=\"false\" value=\"\" type=\"text\" name=\"text-853\" \/><\/span>\n\t<\/p>\n\t<p>FECHA SOLICITADA:<br \/>\n<span class=\"wpcf7-form-control-wrap\" data-name=\"date-998\"><input class=\"wpcf7-form-control wpcf7-date wpcf7-validates-as-required wpcf7-validates-as-date\" aria-required=\"true\" aria-invalid=\"false\" value=\"\" type=\"date\" name=\"date-998\" \/><\/span>\n\t<\/p>\n<\/div>\n<div class=\"right_field\">\n\t<p>EMAIL :<br \/>\n<span class=\"wpcf7-form-control-wrap\" data-name=\"email-933\"><input size=\"40\" maxlength=\"400\" class=\"wpcf7-form-control wpcf7-email wpcf7-validates-as-required wpcf7-text wpcf7-validates-as-email\" aria-required=\"true\" aria-invalid=\"false\" value=\"\" type=\"email\" name=\"email-933\" \/><\/span>\n\t<\/p>\n\t<p>DIRECCI\u00d3N :<br \/>\n<span class=\"wpcf7-form-control-wrap\" data-name=\"text-229\"><input size=\"40\" maxlength=\"400\" class=\"wpcf7-form-control wpcf7-text wpcf7-validates-as-required\" aria-required=\"true\" aria-invalid=\"false\" value=\"\" type=\"text\" name=\"text-229\" \/><\/span>\n\t<\/p>\n\t<p>HORA SOLICITADA :<br \/>\n<span class=\"wpcf7-form-control-wrap\" data-name=\"menu-428\"><select class=\"wpcf7-form-control wpcf7-select wpcf7-validates-as-required\" aria-required=\"true\" aria-invalid=\"false\" name=\"menu-428\"><option value=\"8: 00am\">8: 00am<\/option><option value=\"8: 30am\">8: 30am<\/option><option value=\"9: 00am\">9: 00am<\/option><option value=\"9: 30am\">9: 30am<\/option><option value=\"10: 00am\">10: 00am<\/option><option value=\"10: 30am\">10: 30am<\/option><option value=\"11: 00am\">11: 00am<\/option><option value=\"11: 30am\">11: 30am<\/option><option value=\"12: 00pm\">12: 00pm<\/option><option value=\"12: 30pm\">12: 30pm<\/option><option value=\"2: 00pm\">2: 00pm<\/option><option value=\"2: 30pm\">2: 30pm<\/option><option value=\"3: 00pm\">3: 00pm<\/option><option value=\"3: 30pm\">3: 30pm<\/option><option value=\"4: 00pm\">4: 00pm<\/option><option value=\"4: 30pm\">4: 30pm<\/option><\/select><\/span>\n\t<\/p>\n<\/div>\n<div class=\"message_field\">\n\t<p>MARCA, MODELO Y A\u00d1O :<br \/>\n<span class=\"wpcf7-form-control-wrap\" data-name=\"text-321\"><input size=\"40\" maxlength=\"400\" class=\"wpcf7-form-control wpcf7-text wpcf7-validates-as-required\" aria-required=\"true\" aria-invalid=\"false\" value=\"\" type=\"text\" name=\"text-321\" \/><\/span>\n\t<\/p>\n\t<p>SERVICIO QUE SOLICITA :<br \/>\n<span class=\"wpcf7-form-control-wrap\" data-name=\"textarea-226\"><textarea cols=\"40\" rows=\"10\" maxlength=\"2000\" class=\"wpcf7-form-control wpcf7-textarea wpcf7-validates-as-required\" aria-required=\"true\" aria-invalid=\"false\" name=\"textarea-226\"><\/textarea><\/span>\n\t<\/p>\n<\/div>\n<p><input class=\"wpcf7-form-control wpcf7-submit has-spinner\" type=\"submit\" value=\"Solicitar Cita\" \/>\n<\/p><p style=\"display: none !important;\" class=\"akismet-fields-container\" data-prefix=\"_wpcf7_ak_\"><label>&#916;<textarea name=\"_wpcf7_ak_hp_textarea\" cols=\"45\" rows=\"8\" maxlength=\"100\"><\/textarea><\/label><input type=\"hidden\" id=\"ak_js_1\" name=\"_wpcf7_ak_js\" value=\"108\"\/><script>document.getElementById( \"ak_js_1\" ).setAttribute( \"value\", ( new Date() ).getTime() );<\/script><\/p><div class=\"wpcf7-response-output\" aria-hidden=\"true\"><\/div>\n<\/form>\n<\/div>\n[\/vc_column][vc_column width=\u00bb1\/3&#8243;]<h1 class=\"headline font-inherit fontsize-inherit fontweight-700 lh-inherit align-left transform-uppercase \" style=\"margin: 0 0 5px 0;\">\u00bfTiene alguna <span class=\"highlight\">Pregunta?<\/span><\/h1>[vc_column_text]No dude en realizar cualquier consulta sobre reparaci\u00f3n de autom\u00f3viles y servicios de mantenimiento a trav\u00e9s del formulario de contacto o por tel\u00e9fono.[\/vc_column_text]<h1 class=\"headline font-inherit fontsize-inherit fontweight-700 lh-inherit align-left transform-uppercase \" style=\"margin: 0 0 5px 0;\">Ll\u00e1menos <span class=\"highlight\">Ahora<\/span><\/h1>[vc_column_text](+34) 674 297 459[\/vc_column_text]<h1 class=\"headline font-inherit fontsize-inherit fontweight-700 lh-inherit align-left transform-uppercase \" style=\"margin: 0 0 5px 0;\">Nuestra <span class=\"highlight\">Ubicaci\u00f3n <\/span><\/h1>[vc_column_text]Calle Maestro Serrano, 45. Manises. 46940 Valencia.[\/vc_column_text]<h1 class=\"headline font-inherit fontsize-inherit fontweight-700 lh-inherit align-left transform-uppercase \" style=\"margin: 0 0 20px 0;\">Tarjetas <span class=\"highlight\">Aceptadas<\/span><\/h1>[vc_single_image image=\u00bb2564&#8243; img_size=\u00bblarge\u00bb style=\u00bbvc_box_shadow\u00bb][\/vc_column][\/vc_row]<\/p>\n<\/div>","protected":false},"excerpt":{"rendered":"<p>[vc_row][vc_column width=\u00bb2\/3&#8243;][vc_column_text]Por favor proporcione la informaci\u00f3n solicitada a continuaci\u00f3n. A la mayor brevedad posible nos pondremos en contacto con usted para poder fijar una cita o remitirle un presupuesto.[\/vc_column_text][\/vc_column][vc_column width=\u00bb1\/3&#8243;][vc_column_text]No dude en realizar cualquier consulta sobre reparaci\u00f3n de autom\u00f3viles y servicios de mantenimiento a trav\u00e9s del formulario de contacto o por tel\u00e9fono.[\/vc_column_text][vc_column_text](+34) 674 297 459[\/vc_column_text][vc_column_text]Calle Maestro Serrano, 45. Manises. 46940 Valencia.[\/vc_column_text][vc_single_image image=\u00bb2564&#8243; img_size=\u00bblarge\u00bb style=\u00bbvc_box_shadow\u00bb][\/vc_column][\/vc_row]<\/p>\n","protected":false},"author":1,"featured_media":0,"parent":0,"menu_order":0,"comment_status":"closed","ping_status":"closed","template":"","meta":{"footnotes":""},"class_list":["post-303","page","type-page","status-publish","hentry"],"yoast_head":"<!-- This site is optimized with the Yoast SEO plugin v27.4 - https:\/\/yoast.com\/product\/yoast-seo-wordpress\/ -->\n<title>Solicitar una cita - Total Auto<\/title>\n<meta name=\"robots\" content=\"index, follow, max-snippet:-1, max-image-preview:large, max-video-preview:-1\" \/>\n<link rel=\"canonical\" href=\"https:\/\/www.totalauto.es\/index.php\/solicitar-una-cita\/\" \/>\n<meta property=\"og:locale\" content=\"es_ES\" \/>\n<meta property=\"og:type\" content=\"article\" \/>\n<meta property=\"og:title\" content=\"Solicitar una cita - Total Auto\" \/>\n<meta property=\"og:description\" content=\"[vc_row][vc_column width=\u00bb2\/3&#8243;][vc_column_text]Por favor proporcione la informaci\u00f3n solicitada a continuaci\u00f3n. A la mayor brevedad posible nos pondremos en contacto con usted para poder fijar una cita o remitirle un presupuesto.[\/vc_column_text][\/vc_column][vc_column width=\u00bb1\/3&#8243;][vc_column_text]No dude en realizar cualquier consulta sobre reparaci\u00f3n de autom\u00f3viles y servicios de mantenimiento a trav\u00e9s del formulario de contacto o por tel\u00e9fono.[\/vc_column_text][vc_column_text](+34) 674 297 459[\/vc_column_text][vc_column_text]Calle Maestro Serrano, 45. Manises. 46940 Valencia.[\/vc_column_text][vc_single_image image=\u00bb2564&#8243; img_size=\u00bblarge\u00bb style=\u00bbvc_box_shadow\u00bb][\/vc_column][\/vc_row]\" \/>\n<meta property=\"og:url\" content=\"https:\/\/www.totalauto.es\/index.php\/solicitar-una-cita\/\" \/>\n<meta property=\"og:site_name\" content=\"Total Auto\" \/>\n<meta property=\"article:modified_time\" content=\"2026-01-10T19:40:51+00:00\" \/>\n<meta name=\"twitter:card\" content=\"summary_large_image\" \/>\n<meta name=\"twitter:label1\" content=\"Tiempo de lectura\" \/>\n\t<meta name=\"twitter:data1\" content=\"1 minuto\" \/>\n<script type=\"application\/ld+json\" class=\"yoast-schema-graph\">{\"@context\":\"https:\\\/\\\/schema.org\",\"@graph\":[{\"@type\":\"WebPage\",\"@id\":\"https:\\\/\\\/www.totalauto.es\\\/index.php\\\/solicitar-una-cita\\\/\",\"url\":\"https:\\\/\\\/www.totalauto.es\\\/index.php\\\/solicitar-una-cita\\\/\",\"name\":\"Solicitar una cita - Total Auto\",\"isPartOf\":{\"@id\":\"https:\\\/\\\/www.totalauto.es\\\/#website\"},\"datePublished\":\"2023-07-06T07:46:03+00:00\",\"dateModified\":\"2026-01-10T19:40:51+00:00\",\"breadcrumb\":{\"@id\":\"https:\\\/\\\/www.totalauto.es\\\/index.php\\\/solicitar-una-cita\\\/#breadcrumb\"},\"inLanguage\":\"es\",\"potentialAction\":[{\"@type\":\"ReadAction\",\"target\":[\"https:\\\/\\\/www.totalauto.es\\\/index.php\\\/solicitar-una-cita\\\/\"]}]},{\"@type\":\"BreadcrumbList\",\"@id\":\"https:\\\/\\\/www.totalauto.es\\\/index.php\\\/solicitar-una-cita\\\/#breadcrumb\",\"itemListElement\":[{\"@type\":\"ListItem\",\"position\":1,\"name\":\"Portada\",\"item\":\"https:\\\/\\\/www.totalauto.es\\\/\"},{\"@type\":\"ListItem\",\"position\":2,\"name\":\"Solicitar una cita\"}]},{\"@type\":\"WebSite\",\"@id\":\"https:\\\/\\\/www.totalauto.es\\\/#website\",\"url\":\"https:\\\/\\\/www.totalauto.es\\\/\",\"name\":\"Total Auto\",\"description\":\"Taller de Mantenimiento y Reparaci\u00f3n de Veh\u00edculos en Valencia\",\"publisher\":{\"@id\":\"https:\\\/\\\/www.totalauto.es\\\/#organization\"},\"potentialAction\":[{\"@type\":\"SearchAction\",\"target\":{\"@type\":\"EntryPoint\",\"urlTemplate\":\"https:\\\/\\\/www.totalauto.es\\\/?s={search_term_string}\"},\"query-input\":{\"@type\":\"PropertyValueSpecification\",\"valueRequired\":true,\"valueName\":\"search_term_string\"}}],\"inLanguage\":\"es\"},{\"@type\":\"Organization\",\"@id\":\"https:\\\/\\\/www.totalauto.es\\\/#organization\",\"name\":\"Total Auto\",\"url\":\"https:\\\/\\\/www.totalauto.es\\\/\",\"logo\":{\"@type\":\"ImageObject\",\"inLanguage\":\"es\",\"@id\":\"https:\\\/\\\/www.totalauto.es\\\/#\\\/schema\\\/logo\\\/image\\\/\",\"url\":\"https:\\\/\\\/www.totalauto.es\\\/wp-content\\\/uploads\\\/2026\\\/01\\\/cropped-logo_totalauto_white.jpg\",\"contentUrl\":\"https:\\\/\\\/www.totalauto.es\\\/wp-content\\\/uploads\\\/2026\\\/01\\\/cropped-logo_totalauto_white.jpg\",\"width\":375,\"height\":250,\"caption\":\"Total Auto\"},\"image\":{\"@id\":\"https:\\\/\\\/www.totalauto.es\\\/#\\\/schema\\\/logo\\\/image\\\/\"}}]}<\/script>\n<!-- \/ Yoast SEO plugin. -->","yoast_head_json":{"title":"Solicitar una cita - Total Auto","robots":{"index":"index","follow":"follow","max-snippet":"max-snippet:-1","max-image-preview":"max-image-preview:large","max-video-preview":"max-video-preview:-1"},"canonical":"https:\/\/www.totalauto.es\/index.php\/solicitar-una-cita\/","og_locale":"es_ES","og_type":"article","og_title":"Solicitar una cita - Total Auto","og_description":"[vc_row][vc_column width=\u00bb2\/3&#8243;][vc_column_text]Por favor proporcione la informaci\u00f3n solicitada a continuaci\u00f3n. A la mayor brevedad posible nos pondremos en contacto con usted para poder fijar una cita o remitirle un presupuesto.[\/vc_column_text][\/vc_column][vc_column width=\u00bb1\/3&#8243;][vc_column_text]No dude en realizar cualquier consulta sobre reparaci\u00f3n de autom\u00f3viles y servicios de mantenimiento a trav\u00e9s del formulario de contacto o por tel\u00e9fono.[\/vc_column_text][vc_column_text](+34) 674 297 459[\/vc_column_text][vc_column_text]Calle Maestro Serrano, 45. Manises. 46940 Valencia.[\/vc_column_text][vc_single_image image=\u00bb2564&#8243; img_size=\u00bblarge\u00bb style=\u00bbvc_box_shadow\u00bb][\/vc_column][\/vc_row]","og_url":"https:\/\/www.totalauto.es\/index.php\/solicitar-una-cita\/","og_site_name":"Total Auto","article_modified_time":"2026-01-10T19:40:51+00:00","twitter_card":"summary_large_image","twitter_misc":{"Tiempo de lectura":"1 minuto"},"schema":{"@context":"https:\/\/schema.org","@graph":[{"@type":"WebPage","@id":"https:\/\/www.totalauto.es\/index.php\/solicitar-una-cita\/","url":"https:\/\/www.totalauto.es\/index.php\/solicitar-una-cita\/","name":"Solicitar una cita - Total Auto","isPartOf":{"@id":"https:\/\/www.totalauto.es\/#website"},"datePublished":"2023-07-06T07:46:03+00:00","dateModified":"2026-01-10T19:40:51+00:00","breadcrumb":{"@id":"https:\/\/www.totalauto.es\/index.php\/solicitar-una-cita\/#breadcrumb"},"inLanguage":"es","potentialAction":[{"@type":"ReadAction","target":["https:\/\/www.totalauto.es\/index.php\/solicitar-una-cita\/"]}]},{"@type":"BreadcrumbList","@id":"https:\/\/www.totalauto.es\/index.php\/solicitar-una-cita\/#breadcrumb","itemListElement":[{"@type":"ListItem","position":1,"name":"Portada","item":"https:\/\/www.totalauto.es\/"},{"@type":"ListItem","position":2,"name":"Solicitar una cita"}]},{"@type":"WebSite","@id":"https:\/\/www.totalauto.es\/#website","url":"https:\/\/www.totalauto.es\/","name":"Total Auto","description":"Taller de Mantenimiento y Reparaci\u00f3n de Veh\u00edculos en Valencia","publisher":{"@id":"https:\/\/www.totalauto.es\/#organization"},"potentialAction":[{"@type":"SearchAction","target":{"@type":"EntryPoint","urlTemplate":"https:\/\/www.totalauto.es\/?s={search_term_string}"},"query-input":{"@type":"PropertyValueSpecification","valueRequired":true,"valueName":"search_term_string"}}],"inLanguage":"es"},{"@type":"Organization","@id":"https:\/\/www.totalauto.es\/#organization","name":"Total Auto","url":"https:\/\/www.totalauto.es\/","logo":{"@type":"ImageObject","inLanguage":"es","@id":"https:\/\/www.totalauto.es\/#\/schema\/logo\/image\/","url":"https:\/\/www.totalauto.es\/wp-content\/uploads\/2026\/01\/cropped-logo_totalauto_white.jpg","contentUrl":"https:\/\/www.totalauto.es\/wp-content\/uploads\/2026\/01\/cropped-logo_totalauto_white.jpg","width":375,"height":250,"caption":"Total Auto"},"image":{"@id":"https:\/\/www.totalauto.es\/#\/schema\/logo\/image\/"}}]}},"_links":{"self":[{"href":"https:\/\/www.totalauto.es\/index.php\/wp-json\/wp\/v2\/pages\/303","targetHints":{"allow":["GET"]}}],"collection":[{"href":"https:\/\/www.totalauto.es\/index.php\/wp-json\/wp\/v2\/pages"}],"about":[{"href":"https:\/\/www.totalauto.es\/index.php\/wp-json\/wp\/v2\/types\/page"}],"author":[{"embeddable":true,"href":"https:\/\/www.totalauto.es\/index.php\/wp-json\/wp\/v2\/users\/1"}],"replies":[{"embeddable":true,"href":"https:\/\/www.totalauto.es\/index.php\/wp-json\/wp\/v2\/comments?post=303"}],"version-history":[{"count":9,"href":"https:\/\/www.totalauto.es\/index.php\/wp-json\/wp\/v2\/pages\/303\/revisions"}],"predecessor-version":[{"id":3173,"href":"https:\/\/www.totalauto.es\/index.php\/wp-json\/wp\/v2\/pages\/303\/revisions\/3173"}],"wp:attachment":[{"href":"https:\/\/www.totalauto.es\/index.php\/wp-json\/wp\/v2\/media?parent=303"}],"curies":[{"name":"wp","href":"https:\/\/api.w.org\/{rel}","templated":true}]}}