{"id":2603,"date":"2023-07-06T16:26:29","date_gmt":"2023-07-06T16:26:29","guid":{"rendered":"http:\/\/dropletthemes.com\/motopress\/auto-diagnostics-copy\/"},"modified":"2026-01-11T00:23:29","modified_gmt":"2026-01-10T23:23:29","slug":"cambio-de-neumaticos","status":"publish","type":"page","link":"https:\/\/www.totalauto.es\/index.php\/cambio-de-neumaticos\/","title":{"rendered":"Cambio de neum\u00e1ticos"},"content":{"rendered":"<div class=\"wpb-content-wrapper\"><p>[vc_row][vc_column width=\u00bb1\/1&#8243;][vc_single_image image=\u00bb2611&#8243; img_size=\u00bblarge\u00bb onclick=\u00bbzoom\u00bb][vc_column_text]En Total Auto cuidamos uno de los elementos m\u00e1s importantes de tu veh\u00edculo: los neum\u00e1ticos. Ofrecemos un <strong>servicio especializado de reparaci\u00f3n, sustituci\u00f3n y mantenimiento de neum\u00e1ticos<\/strong> para turismos, SUV y furgonetas, trabajando con primeras marcas y garantizando siempre la m\u00e1xima seguridad en carretera.<\/p>\n<p>Realizamos <strong>reparaciones de pinchazos, cambio de neum\u00e1ticos por desgaste o da\u00f1o, as\u00ed como montaje, equilibrado y alineaci\u00f3n<\/strong>, asegurando un agarre \u00f3ptimo, un desgaste uniforme y una conducci\u00f3n m\u00e1s estable y eficiente. Nuestro equipo te asesora para elegir el neum\u00e1tico m\u00e1s adecuado seg\u00fan tu veh\u00edculo, tipo de conducci\u00f3n y presupuesto.<\/p>\n<p>En Total Auto apostamos por la rapidez, la transparencia y precios competitivos, para que vuelvas a circular con total tranquilidad y confianza desde el primer kil\u00f3metro.<\/p>\n<p>&nbsp;<\/p>\n<p>[\/vc_column_text]<div class=\"callout clearfix\" style=\"background-color:#efefef; color:#777777;\">\n\t\t<div class=\"callout-text\">\u00bfEST\u00c1 INTERESADO EN CAMBIAR O REPARAR SUS NEUM\u00c1TICOS?<\/div>\n\t\t\t<div class=\"callout-button\"><a class=\"button large color-3\" href=\"https:\/\/www.totalauto.es\/index.php\/solicitar-una-cita\/\" target=\"_self\">Solicitar Cita<\/a><\/div>\n\t\t<\/div>[\/vc_column][\/vc_row]<\/p>\n<\/div>","protected":false},"excerpt":{"rendered":"<p>[vc_row][vc_column width=\u00bb1\/1&#8243;][vc_single_image image=\u00bb2611&#8243; img_size=\u00bblarge\u00bb onclick=\u00bbzoom\u00bb][vc_column_text]En Total Auto cuidamos uno de los elementos m\u00e1s importantes de tu veh\u00edculo: los neum\u00e1ticos. Ofrecemos un servicio especializado de reparaci\u00f3n, sustituci\u00f3n y mantenimiento de neum\u00e1ticos para turismos, SUV y furgonetas, trabajando con primeras marcas y garantizando siempre la m\u00e1xima seguridad en carretera. Realizamos reparaciones de pinchazos, cambio de neum\u00e1ticos por desgaste o da\u00f1o, as\u00ed como montaje, equilibrado y alineaci\u00f3n, asegurando un agarre \u00f3ptimo, un desgaste uniforme y una conducci\u00f3n m\u00e1s estable y eficiente. Nuestro equipo te asesora para elegir el neum\u00e1tico m\u00e1s adecuado seg\u00fan tu veh\u00edculo, tipo de conducci\u00f3n y presupuesto. En Total Auto apostamos por la rapidez, la transparencia y precios competitivos, para que vuelvas a circular con total tranquilidad y confianza desde el primer kil\u00f3metro. &nbsp; [\/vc_column_text][\/vc_column][\/vc_row]<\/p>\n","protected":false},"author":1,"featured_media":0,"parent":0,"menu_order":0,"comment_status":"closed","ping_status":"closed","template":"","meta":{"footnotes":""},"class_list":["post-2603","page","type-page","status-publish","hentry"],"yoast_head":"<!-- This site is optimized with the Yoast SEO plugin v27.4 - https:\/\/yoast.com\/product\/yoast-seo-wordpress\/ -->\n<title>Cambio de neum\u00e1ticos - Total Auto<\/title>\n<meta name=\"description\" content=\"Reparaci\u00f3n y cambio de neum\u00e1ticos en Total Auto. Te garantizamos precios competitivos y servicio especializado para tu veh\u00edculo.\" \/>\n<meta name=\"robots\" content=\"index, follow, max-snippet:-1, max-image-preview:large, max-video-preview:-1\" \/>\n<link rel=\"canonical\" href=\"https:\/\/www.totalauto.es\/index.php\/cambio-de-neumaticos\/\" \/>\n<meta property=\"og:locale\" content=\"es_ES\" \/>\n<meta property=\"og:type\" content=\"article\" \/>\n<meta property=\"og:title\" content=\"Cambio de neum\u00e1ticos - Total Auto\" \/>\n<meta property=\"og:description\" content=\"Reparaci\u00f3n y cambio de neum\u00e1ticos en Total Auto. Te garantizamos precios competitivos y servicio especializado para tu veh\u00edculo.\" \/>\n<meta property=\"og:url\" content=\"https:\/\/www.totalauto.es\/index.php\/cambio-de-neumaticos\/\" \/>\n<meta property=\"og:site_name\" content=\"Total Auto\" \/>\n<meta property=\"article:modified_time\" content=\"2026-01-10T23:23:29+00:00\" \/>\n<meta name=\"twitter:card\" content=\"summary_large_image\" \/>\n<meta name=\"twitter:label1\" content=\"Tiempo de lectura\" \/>\n\t<meta name=\"twitter:data1\" content=\"1 minuto\" \/>\n<script type=\"application\/ld+json\" class=\"yoast-schema-graph\">{\"@context\":\"https:\\\/\\\/schema.org\",\"@graph\":[{\"@type\":\"WebPage\",\"@id\":\"https:\\\/\\\/www.totalauto.es\\\/index.php\\\/cambio-de-neumaticos\\\/\",\"url\":\"https:\\\/\\\/www.totalauto.es\\\/index.php\\\/cambio-de-neumaticos\\\/\",\"name\":\"Cambio de neum\u00e1ticos - Total Auto\",\"isPartOf\":{\"@id\":\"https:\\\/\\\/www.totalauto.es\\\/#website\"},\"datePublished\":\"2023-07-06T16:26:29+00:00\",\"dateModified\":\"2026-01-10T23:23:29+00:00\",\"description\":\"Reparaci\u00f3n y cambio de neum\u00e1ticos en Total Auto. Te garantizamos precios competitivos y servicio especializado para tu veh\u00edculo.\",\"breadcrumb\":{\"@id\":\"https:\\\/\\\/www.totalauto.es\\\/index.php\\\/cambio-de-neumaticos\\\/#breadcrumb\"},\"inLanguage\":\"es\",\"potentialAction\":[{\"@type\":\"ReadAction\",\"target\":[\"https:\\\/\\\/www.totalauto.es\\\/index.php\\\/cambio-de-neumaticos\\\/\"]}]},{\"@type\":\"BreadcrumbList\",\"@id\":\"https:\\\/\\\/www.totalauto.es\\\/index.php\\\/cambio-de-neumaticos\\\/#breadcrumb\",\"itemListElement\":[{\"@type\":\"ListItem\",\"position\":1,\"name\":\"Portada\",\"item\":\"https:\\\/\\\/www.totalauto.es\\\/\"},{\"@type\":\"ListItem\",\"position\":2,\"name\":\"Cambio de neum\u00e1ticos\"}]},{\"@type\":\"WebSite\",\"@id\":\"https:\\\/\\\/www.totalauto.es\\\/#website\",\"url\":\"https:\\\/\\\/www.totalauto.es\\\/\",\"name\":\"Total Auto\",\"description\":\"Taller de Mantenimiento y Reparaci\u00f3n de Veh\u00edculos en Valencia\",\"publisher\":{\"@id\":\"https:\\\/\\\/www.totalauto.es\\\/#organization\"},\"potentialAction\":[{\"@type\":\"SearchAction\",\"target\":{\"@type\":\"EntryPoint\",\"urlTemplate\":\"https:\\\/\\\/www.totalauto.es\\\/?s={search_term_string}\"},\"query-input\":{\"@type\":\"PropertyValueSpecification\",\"valueRequired\":true,\"valueName\":\"search_term_string\"}}],\"inLanguage\":\"es\"},{\"@type\":\"Organization\",\"@id\":\"https:\\\/\\\/www.totalauto.es\\\/#organization\",\"name\":\"Total Auto\",\"url\":\"https:\\\/\\\/www.totalauto.es\\\/\",\"logo\":{\"@type\":\"ImageObject\",\"inLanguage\":\"es\",\"@id\":\"https:\\\/\\\/www.totalauto.es\\\/#\\\/schema\\\/logo\\\/image\\\/\",\"url\":\"https:\\\/\\\/www.totalauto.es\\\/wp-content\\\/uploads\\\/2026\\\/01\\\/cropped-logo_totalauto_white.jpg\",\"contentUrl\":\"https:\\\/\\\/www.totalauto.es\\\/wp-content\\\/uploads\\\/2026\\\/01\\\/cropped-logo_totalauto_white.jpg\",\"width\":375,\"height\":250,\"caption\":\"Total Auto\"},\"image\":{\"@id\":\"https:\\\/\\\/www.totalauto.es\\\/#\\\/schema\\\/logo\\\/image\\\/\"}}]}<\/script>\n<!-- \/ Yoast SEO plugin. -->","yoast_head_json":{"title":"Cambio de neum\u00e1ticos - Total Auto","description":"Reparaci\u00f3n y cambio de neum\u00e1ticos en Total Auto. Te garantizamos precios competitivos y servicio especializado para tu veh\u00edculo.","robots":{"index":"index","follow":"follow","max-snippet":"max-snippet:-1","max-image-preview":"max-image-preview:large","max-video-preview":"max-video-preview:-1"},"canonical":"https:\/\/www.totalauto.es\/index.php\/cambio-de-neumaticos\/","og_locale":"es_ES","og_type":"article","og_title":"Cambio de neum\u00e1ticos - Total Auto","og_description":"Reparaci\u00f3n y cambio de neum\u00e1ticos en Total Auto. Te garantizamos precios competitivos y servicio especializado para tu veh\u00edculo.","og_url":"https:\/\/www.totalauto.es\/index.php\/cambio-de-neumaticos\/","og_site_name":"Total Auto","article_modified_time":"2026-01-10T23:23:29+00:00","twitter_card":"summary_large_image","twitter_misc":{"Tiempo de lectura":"1 minuto"},"schema":{"@context":"https:\/\/schema.org","@graph":[{"@type":"WebPage","@id":"https:\/\/www.totalauto.es\/index.php\/cambio-de-neumaticos\/","url":"https:\/\/www.totalauto.es\/index.php\/cambio-de-neumaticos\/","name":"Cambio de neum\u00e1ticos - Total Auto","isPartOf":{"@id":"https:\/\/www.totalauto.es\/#website"},"datePublished":"2023-07-06T16:26:29+00:00","dateModified":"2026-01-10T23:23:29+00:00","description":"Reparaci\u00f3n y cambio de neum\u00e1ticos en Total Auto. Te garantizamos precios competitivos y servicio especializado para tu veh\u00edculo.","breadcrumb":{"@id":"https:\/\/www.totalauto.es\/index.php\/cambio-de-neumaticos\/#breadcrumb"},"inLanguage":"es","potentialAction":[{"@type":"ReadAction","target":["https:\/\/www.totalauto.es\/index.php\/cambio-de-neumaticos\/"]}]},{"@type":"BreadcrumbList","@id":"https:\/\/www.totalauto.es\/index.php\/cambio-de-neumaticos\/#breadcrumb","itemListElement":[{"@type":"ListItem","position":1,"name":"Portada","item":"https:\/\/www.totalauto.es\/"},{"@type":"ListItem","position":2,"name":"Cambio de neum\u00e1ticos"}]},{"@type":"WebSite","@id":"https:\/\/www.totalauto.es\/#website","url":"https:\/\/www.totalauto.es\/","name":"Total Auto","description":"Taller de Mantenimiento y Reparaci\u00f3n de Veh\u00edculos en Valencia","publisher":{"@id":"https:\/\/www.totalauto.es\/#organization"},"potentialAction":[{"@type":"SearchAction","target":{"@type":"EntryPoint","urlTemplate":"https:\/\/www.totalauto.es\/?s={search_term_string}"},"query-input":{"@type":"PropertyValueSpecification","valueRequired":true,"valueName":"search_term_string"}}],"inLanguage":"es"},{"@type":"Organization","@id":"https:\/\/www.totalauto.es\/#organization","name":"Total Auto","url":"https:\/\/www.totalauto.es\/","logo":{"@type":"ImageObject","inLanguage":"es","@id":"https:\/\/www.totalauto.es\/#\/schema\/logo\/image\/","url":"https:\/\/www.totalauto.es\/wp-content\/uploads\/2026\/01\/cropped-logo_totalauto_white.jpg","contentUrl":"https:\/\/www.totalauto.es\/wp-content\/uploads\/2026\/01\/cropped-logo_totalauto_white.jpg","width":375,"height":250,"caption":"Total Auto"},"image":{"@id":"https:\/\/www.totalauto.es\/#\/schema\/logo\/image\/"}}]}},"_links":{"self":[{"href":"https:\/\/www.totalauto.es\/index.php\/wp-json\/wp\/v2\/pages\/2603","targetHints":{"allow":["GET"]}}],"collection":[{"href":"https:\/\/www.totalauto.es\/index.php\/wp-json\/wp\/v2\/pages"}],"about":[{"href":"https:\/\/www.totalauto.es\/index.php\/wp-json\/wp\/v2\/types\/page"}],"author":[{"embeddable":true,"href":"https:\/\/www.totalauto.es\/index.php\/wp-json\/wp\/v2\/users\/1"}],"replies":[{"embeddable":true,"href":"https:\/\/www.totalauto.es\/index.php\/wp-json\/wp\/v2\/comments?post=2603"}],"version-history":[{"count":6,"href":"https:\/\/www.totalauto.es\/index.php\/wp-json\/wp\/v2\/pages\/2603\/revisions"}],"predecessor-version":[{"id":3235,"href":"https:\/\/www.totalauto.es\/index.php\/wp-json\/wp\/v2\/pages\/2603\/revisions\/3235"}],"wp:attachment":[{"href":"https:\/\/www.totalauto.es\/index.php\/wp-json\/wp\/v2\/media?parent=2603"}],"curies":[{"name":"wp","href":"https:\/\/api.w.org\/{rel}","templated":true}]}}