{"id":2287,"date":"2023-07-06T14:55:41","date_gmt":"2023-07-06T14:55:41","guid":{"rendered":"http:\/\/www.motopress.dev\/?page_id=2287"},"modified":"2026-01-10T22:32:23","modified_gmt":"2026-01-10T21:32:23","slug":"testimonios","status":"publish","type":"page","link":"https:\/\/www.totalauto.es\/index.php\/testimonios\/","title":{"rendered":"Testimonios"},"content":{"rendered":"<div class=\"wpb-content-wrapper\"><p>[vc_row top_padding=\u00bb60&#8243;][vc_column width=\u00bb1\/4&#8243;][vc_icon type=\u00bblinecons\u00bb icon_linecons=\u00bbvc_li vc_li-star\u00bb color=\u00bbcustom\u00bb background_style=\u00bbrounded-less\u00bb background_color=\u00bbcustom\u00bb align=\u00bbcenter\u00bb custom_color=\u00bb#ffffff\u00bb custom_background_color=\u00bb#ef233c\u00bb][vc_column_text]<\/p>\n<h4 style=\"text-align: center;\">TALLER AUTORIZADO Y ASEGURADO<\/h4>\n<p style=\"text-align: center;\">Todo nuestro equipo es profesional y el taller cuenta con seguro de responsabilidad. Tu veh\u00edculo est\u00e1 en buenas manos desde el primer momento.<\/p>\n<p>[\/vc_column_text][\/vc_column][vc_column width=\u00bb1\/4&#8243;][vc_icon type=\u00bblinecons\u00bb icon_linecons=\u00bbvc_li vc_li-like\u00bb color=\u00bbcustom\u00bb background_style=\u00bbrounded-less\u00bb background_color=\u00bbcustom\u00bb align=\u00bbcenter\u00bb custom_color=\u00bb#ffffff\u00bb custom_background_color=\u00bb#ef233c\u00bb][vc_column_text]<\/p>\n<h4 style=\"text-align: center;\">EXPERIENCIA Y CONFIANZA<\/h4>\n<p style=\"text-align: center;\">A\u00f1os de experiencia en mec\u00e1nica, carrocer\u00eda y mantenimiento nos avalan. Clientes que repiten por nuestro trato honesto y resultados.<\/p>\n<p>[\/vc_column_text][\/vc_column][vc_column width=\u00bb1\/4&#8243;][vc_icon type=\u00bblinecons\u00bb icon_linecons=\u00bbvc_li vc_li-bubble\u00bb color=\u00bbcustom\u00bb background_style=\u00bbrounded-less\u00bb background_color=\u00bbcustom\u00bb align=\u00bbcenter\u00bb custom_color=\u00bb#ffffff\u00bb custom_background_color=\u00bb#ef233c\u00bb][vc_column_text]<\/p>\n<h4 style=\"text-align: center;\"><strong data-start=\"604\" data-end=\"628\">PRESUPUESTO GRATUITO<\/strong><\/h4>\n<p style=\"text-align: center;\">Revisamos tu coche y te damos presupuesto sin compromiso. Sin sorpresas, sin letra peque\u00f1a y siempre antes de empezar el trabajo.<\/p>\n<p>[\/vc_column_text][\/vc_column][vc_column width=\u00bb1\/4&#8243;][vc_icon type=\u00bblinecons\u00bb icon_linecons=\u00bbvc_li vc_li-clock\u00bb color=\u00bbcustom\u00bb background_style=\u00bbrounded-less\u00bb background_color=\u00bbcustom\u00bb align=\u00bbcenter\u00bb custom_color=\u00bb#ffffff\u00bb custom_background_color=\u00bb#ef233c\u00bb][vc_column_text]<\/p>\n<h4 style=\"text-align: center;\">SERVICIO R\u00c1PIDO Y FIABLE<\/h4>\n<p style=\"text-align: center;\">Cumplimos plazos y cuidamos cada detalle. Nos adaptamos a tus necesidades para que vuelvas a la carretera lo antes posible.<\/p>\n<p>[\/vc_column_text][\/vc_column][\/vc_row][vc_row bg_color=\u00bb#f5fbff\u00bb top_padding=\u00bb50&#8243; bottom_padding=\u00bb30&#8243;][vc_column]<h1 class=\"headline font-inherit fontsize-l fontweight-700 lh-inherit align-center transform-uppercase \" style=\"margin: 10px 0 10px 0;\">Nuestros clientes nos dan las mejores <span class=\"highlight\">Valoraciones<\/span><\/h1>[vc_column_text]En Total Auto nos sentimos orgullosos de cada cliente que nos dedica palabras de reconocimiento. Valoramos a todos y cada uno de ellos, y esperamos que nos recomiende a familiares y amigos, adem\u00e1s de volver a confiar en nosotros para sus necesidades de mantenimiento y reparaci\u00f3n de veh\u00edculos.[\/vc_column_text][\/vc_column][vc_column width=\u00bb1\/3&#8243;]<div class=\"testimonial-wrap wpb_content_element\"><div class=\"testimonial\">Excelente servicio. Repararon mi coche r\u00e1pidamente y con un acabado perfecto. Recomiendo Total Auto a todos mis amigos.<\/div><div class=\"testimonial-author\"><div class=\"testimonial-img\"><img decoding=\"async\" src=\"https:\/\/www.totalauto.es\/wp-content\/uploads\/2016\/08\/client-1.jpg\" alt=\"\" \/><\/div>Antonio M<span>Manises<\/span><\/div><\/div><div class=\"testimonial-wrap wpb_content_element\"><div class=\"testimonial\">Llev\u00e9 mi coche para mantenimiento y neum\u00e1ticos. Todo qued\u00f3 como nuevo, y el trato del personal fue fant\u00e1stico.<\/div><div class=\"testimonial-author\"><div class=\"testimonial-img\"><img decoding=\"async\" src=\"https:\/\/www.totalauto.es\/wp-content\/uploads\/2016\/08\/client-3.jpg\" alt=\"\" \/><\/div>Ana P<span>Valencia<\/span><\/div><\/div>[\/vc_column][vc_column width=\u00bb1\/3&#8243;]<div class=\"testimonial-wrap wpb_content_element\"><div class=\"testimonial\">Siempre cuidan cada detalle. Me explican todo con claridad y los precios son muy competitivos. Volver\u00e9 sin duda.<\/div><div class=\"testimonial-author\"><div class=\"testimonial-img\"><img decoding=\"async\" src=\"https:\/\/www.totalauto.es\/wp-content\/uploads\/2016\/08\/client-2.jpg\" alt=\"\" \/><\/div>Jesus G<span>Valencia<\/span><\/div><\/div><div class=\"testimonial-wrap wpb_content_element\"><div class=\"testimonial\">Repararon un golpe de chapa y pintura dej\u00e1ndolo como reci\u00e9n salido del concesionario. Total Auto es sin\u00f3nimo de calidad.<\/div><div class=\"testimonial-author\"><div class=\"testimonial-img\"><img decoding=\"async\" src=\"https:\/\/www.totalauto.es\/wp-content\/uploads\/2016\/08\/client-1.jpg\" alt=\"\" \/><\/div>Luis R<span>Torrent<\/span><\/div><\/div>[\/vc_column][vc_column width=\u00bb1\/3&#8243;]<div class=\"testimonial-wrap wpb_content_element\"><div class=\"testimonial\">Mi parabrisas fue reemplazado en pocas horas y la gesti\u00f3n con el seguro fue impecable. Muy profesionales.<\/div><div class=\"testimonial-author\"><div class=\"testimonial-img\"><img decoding=\"async\" src=\"https:\/\/www.totalauto.es\/wp-content\/uploads\/2016\/08\/client-3.jpg\" alt=\"\" \/><\/div>Julia T<span>Valencia<\/span><\/div><\/div><div class=\"testimonial-wrap wpb_content_element\"><div class=\"testimonial\">Me encanta que sean un taller familiar con tanta experiencia. Siempre me atienden con amabilidad y rapidez.<\/div><div class=\"testimonial-author\"><div class=\"testimonial-img\"><img decoding=\"async\" src=\"https:\/\/www.totalauto.es\/wp-content\/uploads\/2016\/08\/client-2.jpg\" alt=\"\" \/><\/div>Jorge D<span>Quart<\/span><\/div><\/div>[\/vc_column][\/vc_row]<\/p>\n<\/div>","protected":false},"excerpt":{"rendered":"<p>[vc_row top_padding=\u00bb60&#8243;][vc_column width=\u00bb1\/4&#8243;][vc_icon type=\u00bblinecons\u00bb icon_linecons=\u00bbvc_li vc_li-star\u00bb color=\u00bbcustom\u00bb background_style=\u00bbrounded-less\u00bb background_color=\u00bbcustom\u00bb align=\u00bbcenter\u00bb custom_color=\u00bb#ffffff\u00bb custom_background_color=\u00bb#ef233c\u00bb][vc_column_text] TALLER AUTORIZADO Y ASEGURADO Todo nuestro equipo es profesional y el taller cuenta con seguro de responsabilidad. Tu veh\u00edculo est\u00e1 en buenas manos desde el primer momento. [\/vc_column_text][\/vc_column][vc_column width=\u00bb1\/4&#8243;][vc_icon type=\u00bblinecons\u00bb icon_linecons=\u00bbvc_li vc_li-like\u00bb color=\u00bbcustom\u00bb background_style=\u00bbrounded-less\u00bb background_color=\u00bbcustom\u00bb align=\u00bbcenter\u00bb custom_color=\u00bb#ffffff\u00bb custom_background_color=\u00bb#ef233c\u00bb][vc_column_text] EXPERIENCIA Y CONFIANZA A\u00f1os de experiencia en mec\u00e1nica, carrocer\u00eda y mantenimiento nos avalan. Clientes que repiten por nuestro trato honesto y resultados. [\/vc_column_text][\/vc_column][vc_column width=\u00bb1\/4&#8243;][vc_icon type=\u00bblinecons\u00bb icon_linecons=\u00bbvc_li vc_li-bubble\u00bb color=\u00bbcustom\u00bb background_style=\u00bbrounded-less\u00bb background_color=\u00bbcustom\u00bb align=\u00bbcenter\u00bb custom_color=\u00bb#ffffff\u00bb custom_background_color=\u00bb#ef233c\u00bb][vc_column_text] PRESUPUESTO GRATUITO Revisamos tu coche y te damos presupuesto sin compromiso. Sin sorpresas, sin letra peque\u00f1a y siempre antes de empezar el trabajo. [\/vc_column_text][\/vc_column][vc_column width=\u00bb1\/4&#8243;][vc_icon type=\u00bblinecons\u00bb icon_linecons=\u00bbvc_li vc_li-clock\u00bb color=\u00bbcustom\u00bb background_style=\u00bbrounded-less\u00bb background_color=\u00bbcustom\u00bb align=\u00bbcenter\u00bb custom_color=\u00bb#ffffff\u00bb custom_background_color=\u00bb#ef233c\u00bb][vc_column_text] SERVICIO R\u00c1PIDO Y FIABLE Cumplimos plazos y cuidamos cada detalle. Nos adaptamos a tus necesidades para que vuelvas a la carretera lo antes posible. [\/vc_column_text][\/vc_column][\/vc_row][vc_row bg_color=\u00bb#f5fbff\u00bb top_padding=\u00bb50&#8243; bottom_padding=\u00bb30&#8243;][vc_column][vc_column_text]En Total Auto nos sentimos orgullosos de cada cliente que nos dedica palabras de reconocimiento. Valoramos a todos y cada uno de ellos, y esperamos que nos recomiende a familiares y amigos, adem\u00e1s de volver a confiar en nosotros para sus necesidades de mantenimiento y reparaci\u00f3n de veh\u00edculos.[\/vc_column_text][\/vc_column][vc_column width=\u00bb1\/3&#8243;][\/vc_column][vc_column width=\u00bb1\/3&#8243;][\/vc_column][vc_column width=\u00bb1\/3&#8243;][\/vc_column][\/vc_row]<\/p>\n","protected":false},"author":1,"featured_media":0,"parent":0,"menu_order":0,"comment_status":"closed","ping_status":"closed","template":"","meta":{"footnotes":""},"class_list":["post-2287","page","type-page","status-publish","hentry"],"yoast_head":"<!-- This site is optimized with the Yoast SEO plugin v27.4 - https:\/\/yoast.com\/product\/yoast-seo-wordpress\/ -->\n<title>Testimonios - Total Auto<\/title>\n<meta name=\"robots\" content=\"index, follow, max-snippet:-1, max-image-preview:large, max-video-preview:-1\" \/>\n<link rel=\"canonical\" href=\"https:\/\/www.totalauto.es\/index.php\/testimonios\/\" \/>\n<meta property=\"og:locale\" content=\"es_ES\" \/>\n<meta property=\"og:type\" content=\"article\" \/>\n<meta property=\"og:title\" content=\"Testimonios - Total Auto\" \/>\n<meta property=\"og:description\" content=\"[vc_row top_padding=\u00bb60&#8243;][vc_column width=\u00bb1\/4&#8243;][vc_icon type=\u00bblinecons\u00bb icon_linecons=\u00bbvc_li vc_li-star\u00bb color=\u00bbcustom\u00bb background_style=\u00bbrounded-less\u00bb background_color=\u00bbcustom\u00bb align=\u00bbcenter\u00bb custom_color=\u00bb#ffffff\u00bb custom_background_color=\u00bb#ef233c\u00bb][vc_column_text] TALLER AUTORIZADO Y ASEGURADO Todo nuestro equipo es profesional y el taller cuenta con seguro de responsabilidad. Tu veh\u00edculo est\u00e1 en buenas manos desde el primer momento. [\/vc_column_text][\/vc_column][vc_column width=\u00bb1\/4&#8243;][vc_icon type=\u00bblinecons\u00bb icon_linecons=\u00bbvc_li vc_li-like\u00bb color=\u00bbcustom\u00bb background_style=\u00bbrounded-less\u00bb background_color=\u00bbcustom\u00bb align=\u00bbcenter\u00bb custom_color=\u00bb#ffffff\u00bb custom_background_color=\u00bb#ef233c\u00bb][vc_column_text] EXPERIENCIA Y CONFIANZA A\u00f1os de experiencia en mec\u00e1nica, carrocer\u00eda y mantenimiento nos avalan. Clientes que repiten por nuestro trato honesto y resultados. [\/vc_column_text][\/vc_column][vc_column width=\u00bb1\/4&#8243;][vc_icon type=\u00bblinecons\u00bb icon_linecons=\u00bbvc_li vc_li-bubble\u00bb color=\u00bbcustom\u00bb background_style=\u00bbrounded-less\u00bb background_color=\u00bbcustom\u00bb align=\u00bbcenter\u00bb custom_color=\u00bb#ffffff\u00bb custom_background_color=\u00bb#ef233c\u00bb][vc_column_text] PRESUPUESTO GRATUITO Revisamos tu coche y te damos presupuesto sin compromiso. Sin sorpresas, sin letra peque\u00f1a y siempre antes de empezar el trabajo. [\/vc_column_text][\/vc_column][vc_column width=\u00bb1\/4&#8243;][vc_icon type=\u00bblinecons\u00bb icon_linecons=\u00bbvc_li vc_li-clock\u00bb color=\u00bbcustom\u00bb background_style=\u00bbrounded-less\u00bb background_color=\u00bbcustom\u00bb align=\u00bbcenter\u00bb custom_color=\u00bb#ffffff\u00bb custom_background_color=\u00bb#ef233c\u00bb][vc_column_text] SERVICIO R\u00c1PIDO Y FIABLE Cumplimos plazos y cuidamos cada detalle. Nos adaptamos a tus necesidades para que vuelvas a la carretera lo antes posible. [\/vc_column_text][\/vc_column][\/vc_row][vc_row bg_color=\u00bb#f5fbff\u00bb top_padding=\u00bb50&#8243; bottom_padding=\u00bb30&#8243;][vc_column][vc_column_text]En Total Auto nos sentimos orgullosos de cada cliente que nos dedica palabras de reconocimiento. Valoramos a todos y cada uno de ellos, y esperamos que nos recomiende a familiares y amigos, adem\u00e1s de volver a confiar en nosotros para sus necesidades de mantenimiento y reparaci\u00f3n de veh\u00edculos.[\/vc_column_text][\/vc_column][vc_column width=\u00bb1\/3&#8243;][\/vc_column][vc_column width=\u00bb1\/3&#8243;][\/vc_column][vc_column width=\u00bb1\/3&#8243;][\/vc_column][\/vc_row]\" \/>\n<meta property=\"og:url\" content=\"https:\/\/www.totalauto.es\/index.php\/testimonios\/\" \/>\n<meta property=\"og:site_name\" content=\"Total Auto\" \/>\n<meta property=\"article:modified_time\" content=\"2026-01-10T21:32:23+00:00\" \/>\n<meta name=\"twitter:card\" content=\"summary_large_image\" \/>\n<meta name=\"twitter:label1\" content=\"Tiempo de lectura\" \/>\n\t<meta name=\"twitter:data1\" content=\"3 minutos\" \/>\n<script type=\"application\/ld+json\" class=\"yoast-schema-graph\">{\"@context\":\"https:\\\/\\\/schema.org\",\"@graph\":[{\"@type\":\"WebPage\",\"@id\":\"https:\\\/\\\/www.totalauto.es\\\/index.php\\\/testimonios\\\/\",\"url\":\"https:\\\/\\\/www.totalauto.es\\\/index.php\\\/testimonios\\\/\",\"name\":\"Testimonios - Total Auto\",\"isPartOf\":{\"@id\":\"https:\\\/\\\/www.totalauto.es\\\/#website\"},\"datePublished\":\"2023-07-06T14:55:41+00:00\",\"dateModified\":\"2026-01-10T21:32:23+00:00\",\"breadcrumb\":{\"@id\":\"https:\\\/\\\/www.totalauto.es\\\/index.php\\\/testimonios\\\/#breadcrumb\"},\"inLanguage\":\"es\",\"potentialAction\":[{\"@type\":\"ReadAction\",\"target\":[\"https:\\\/\\\/www.totalauto.es\\\/index.php\\\/testimonios\\\/\"]}]},{\"@type\":\"BreadcrumbList\",\"@id\":\"https:\\\/\\\/www.totalauto.es\\\/index.php\\\/testimonios\\\/#breadcrumb\",\"itemListElement\":[{\"@type\":\"ListItem\",\"position\":1,\"name\":\"Portada\",\"item\":\"https:\\\/\\\/www.totalauto.es\\\/\"},{\"@type\":\"ListItem\",\"position\":2,\"name\":\"Testimonios\"}]},{\"@type\":\"WebSite\",\"@id\":\"https:\\\/\\\/www.totalauto.es\\\/#website\",\"url\":\"https:\\\/\\\/www.totalauto.es\\\/\",\"name\":\"Total Auto\",\"description\":\"Taller de Mantenimiento y Reparaci\u00f3n de Veh\u00edculos en Valencia\",\"publisher\":{\"@id\":\"https:\\\/\\\/www.totalauto.es\\\/#organization\"},\"potentialAction\":[{\"@type\":\"SearchAction\",\"target\":{\"@type\":\"EntryPoint\",\"urlTemplate\":\"https:\\\/\\\/www.totalauto.es\\\/?s={search_term_string}\"},\"query-input\":{\"@type\":\"PropertyValueSpecification\",\"valueRequired\":true,\"valueName\":\"search_term_string\"}}],\"inLanguage\":\"es\"},{\"@type\":\"Organization\",\"@id\":\"https:\\\/\\\/www.totalauto.es\\\/#organization\",\"name\":\"Total Auto\",\"url\":\"https:\\\/\\\/www.totalauto.es\\\/\",\"logo\":{\"@type\":\"ImageObject\",\"inLanguage\":\"es\",\"@id\":\"https:\\\/\\\/www.totalauto.es\\\/#\\\/schema\\\/logo\\\/image\\\/\",\"url\":\"https:\\\/\\\/www.totalauto.es\\\/wp-content\\\/uploads\\\/2026\\\/01\\\/cropped-logo_totalauto_white.jpg\",\"contentUrl\":\"https:\\\/\\\/www.totalauto.es\\\/wp-content\\\/uploads\\\/2026\\\/01\\\/cropped-logo_totalauto_white.jpg\",\"width\":375,\"height\":250,\"caption\":\"Total Auto\"},\"image\":{\"@id\":\"https:\\\/\\\/www.totalauto.es\\\/#\\\/schema\\\/logo\\\/image\\\/\"}}]}<\/script>\n<!-- \/ Yoast SEO plugin. -->","yoast_head_json":{"title":"Testimonios - Total Auto","robots":{"index":"index","follow":"follow","max-snippet":"max-snippet:-1","max-image-preview":"max-image-preview:large","max-video-preview":"max-video-preview:-1"},"canonical":"https:\/\/www.totalauto.es\/index.php\/testimonios\/","og_locale":"es_ES","og_type":"article","og_title":"Testimonios - Total Auto","og_description":"[vc_row top_padding=\u00bb60&#8243;][vc_column width=\u00bb1\/4&#8243;][vc_icon type=\u00bblinecons\u00bb icon_linecons=\u00bbvc_li vc_li-star\u00bb color=\u00bbcustom\u00bb background_style=\u00bbrounded-less\u00bb background_color=\u00bbcustom\u00bb align=\u00bbcenter\u00bb custom_color=\u00bb#ffffff\u00bb custom_background_color=\u00bb#ef233c\u00bb][vc_column_text] TALLER AUTORIZADO Y ASEGURADO Todo nuestro equipo es profesional y el taller cuenta con seguro de responsabilidad. Tu veh\u00edculo est\u00e1 en buenas manos desde el primer momento. [\/vc_column_text][\/vc_column][vc_column width=\u00bb1\/4&#8243;][vc_icon type=\u00bblinecons\u00bb icon_linecons=\u00bbvc_li vc_li-like\u00bb color=\u00bbcustom\u00bb background_style=\u00bbrounded-less\u00bb background_color=\u00bbcustom\u00bb align=\u00bbcenter\u00bb custom_color=\u00bb#ffffff\u00bb custom_background_color=\u00bb#ef233c\u00bb][vc_column_text] EXPERIENCIA Y CONFIANZA A\u00f1os de experiencia en mec\u00e1nica, carrocer\u00eda y mantenimiento nos avalan. Clientes que repiten por nuestro trato honesto y resultados. [\/vc_column_text][\/vc_column][vc_column width=\u00bb1\/4&#8243;][vc_icon type=\u00bblinecons\u00bb icon_linecons=\u00bbvc_li vc_li-bubble\u00bb color=\u00bbcustom\u00bb background_style=\u00bbrounded-less\u00bb background_color=\u00bbcustom\u00bb align=\u00bbcenter\u00bb custom_color=\u00bb#ffffff\u00bb custom_background_color=\u00bb#ef233c\u00bb][vc_column_text] PRESUPUESTO GRATUITO Revisamos tu coche y te damos presupuesto sin compromiso. Sin sorpresas, sin letra peque\u00f1a y siempre antes de empezar el trabajo. [\/vc_column_text][\/vc_column][vc_column width=\u00bb1\/4&#8243;][vc_icon type=\u00bblinecons\u00bb icon_linecons=\u00bbvc_li vc_li-clock\u00bb color=\u00bbcustom\u00bb background_style=\u00bbrounded-less\u00bb background_color=\u00bbcustom\u00bb align=\u00bbcenter\u00bb custom_color=\u00bb#ffffff\u00bb custom_background_color=\u00bb#ef233c\u00bb][vc_column_text] SERVICIO R\u00c1PIDO Y FIABLE Cumplimos plazos y cuidamos cada detalle. Nos adaptamos a tus necesidades para que vuelvas a la carretera lo antes posible. [\/vc_column_text][\/vc_column][\/vc_row][vc_row bg_color=\u00bb#f5fbff\u00bb top_padding=\u00bb50&#8243; bottom_padding=\u00bb30&#8243;][vc_column][vc_column_text]En Total Auto nos sentimos orgullosos de cada cliente que nos dedica palabras de reconocimiento. Valoramos a todos y cada uno de ellos, y esperamos que nos recomiende a familiares y amigos, adem\u00e1s de volver a confiar en nosotros para sus necesidades de mantenimiento y reparaci\u00f3n de veh\u00edculos.[\/vc_column_text][\/vc_column][vc_column width=\u00bb1\/3&#8243;][\/vc_column][vc_column width=\u00bb1\/3&#8243;][\/vc_column][vc_column width=\u00bb1\/3&#8243;][\/vc_column][\/vc_row]","og_url":"https:\/\/www.totalauto.es\/index.php\/testimonios\/","og_site_name":"Total Auto","article_modified_time":"2026-01-10T21:32:23+00:00","twitter_card":"summary_large_image","twitter_misc":{"Tiempo de lectura":"3 minutos"},"schema":{"@context":"https:\/\/schema.org","@graph":[{"@type":"WebPage","@id":"https:\/\/www.totalauto.es\/index.php\/testimonios\/","url":"https:\/\/www.totalauto.es\/index.php\/testimonios\/","name":"Testimonios - Total Auto","isPartOf":{"@id":"https:\/\/www.totalauto.es\/#website"},"datePublished":"2023-07-06T14:55:41+00:00","dateModified":"2026-01-10T21:32:23+00:00","breadcrumb":{"@id":"https:\/\/www.totalauto.es\/index.php\/testimonios\/#breadcrumb"},"inLanguage":"es","potentialAction":[{"@type":"ReadAction","target":["https:\/\/www.totalauto.es\/index.php\/testimonios\/"]}]},{"@type":"BreadcrumbList","@id":"https:\/\/www.totalauto.es\/index.php\/testimonios\/#breadcrumb","itemListElement":[{"@type":"ListItem","position":1,"name":"Portada","item":"https:\/\/www.totalauto.es\/"},{"@type":"ListItem","position":2,"name":"Testimonios"}]},{"@type":"WebSite","@id":"https:\/\/www.totalauto.es\/#website","url":"https:\/\/www.totalauto.es\/","name":"Total Auto","description":"Taller de Mantenimiento y Reparaci\u00f3n de Veh\u00edculos en Valencia","publisher":{"@id":"https:\/\/www.totalauto.es\/#organization"},"potentialAction":[{"@type":"SearchAction","target":{"@type":"EntryPoint","urlTemplate":"https:\/\/www.totalauto.es\/?s={search_term_string}"},"query-input":{"@type":"PropertyValueSpecification","valueRequired":true,"valueName":"search_term_string"}}],"inLanguage":"es"},{"@type":"Organization","@id":"https:\/\/www.totalauto.es\/#organization","name":"Total Auto","url":"https:\/\/www.totalauto.es\/","logo":{"@type":"ImageObject","inLanguage":"es","@id":"https:\/\/www.totalauto.es\/#\/schema\/logo\/image\/","url":"https:\/\/www.totalauto.es\/wp-content\/uploads\/2026\/01\/cropped-logo_totalauto_white.jpg","contentUrl":"https:\/\/www.totalauto.es\/wp-content\/uploads\/2026\/01\/cropped-logo_totalauto_white.jpg","width":375,"height":250,"caption":"Total Auto"},"image":{"@id":"https:\/\/www.totalauto.es\/#\/schema\/logo\/image\/"}}]}},"_links":{"self":[{"href":"https:\/\/www.totalauto.es\/index.php\/wp-json\/wp\/v2\/pages\/2287","targetHints":{"allow":["GET"]}}],"collection":[{"href":"https:\/\/www.totalauto.es\/index.php\/wp-json\/wp\/v2\/pages"}],"about":[{"href":"https:\/\/www.totalauto.es\/index.php\/wp-json\/wp\/v2\/types\/page"}],"author":[{"embeddable":true,"href":"https:\/\/www.totalauto.es\/index.php\/wp-json\/wp\/v2\/users\/1"}],"replies":[{"embeddable":true,"href":"https:\/\/www.totalauto.es\/index.php\/wp-json\/wp\/v2\/comments?post=2287"}],"version-history":[{"count":10,"href":"https:\/\/www.totalauto.es\/index.php\/wp-json\/wp\/v2\/pages\/2287\/revisions"}],"predecessor-version":[{"id":3224,"href":"https:\/\/www.totalauto.es\/index.php\/wp-json\/wp\/v2\/pages\/2287\/revisions\/3224"}],"wp:attachment":[{"href":"https:\/\/www.totalauto.es\/index.php\/wp-json\/wp\/v2\/media?parent=2287"}],"curies":[{"name":"wp","href":"https:\/\/api.w.org\/{rel}","templated":true}]}}